{"id":75858,"date":"2024-11-18T19:54:59","date_gmt":"2024-11-18T22:54:59","guid":{"rendered":"https:\/\/www.raybite.com\/?page_id=75858"},"modified":"2024-11-23T13:16:57","modified_gmt":"2024-11-23T16:16:57","slug":"clientes","status":"publish","type":"page","link":"https:\/\/www.raybite.com\/en\/clientes\/","title":{"rendered":"Clientes"},"content":{"rendered":"<div class=\"wpb-content-wrapper\"><div  class=\"vc_row wpb_row\" style=\"\"><div class=\"boxed\"><div class=\"container\"><div class=\"vc_row\"><div class=\"wpb_column vc_column_container col-sm-12 vc_col-sm-12 col-lg-12 vc_col-lg-12\"><div class=\"vc_column-inner\"><div class=\"wpb_wrapper\">\n\t<div  class=\"wpb_single_image wpb_content_element vc_align_right wpb_content_element\">\n\t\t\n\t\t<figure class=\"wpb_wrapper vc_figure\">\n\t\t\t<div class=\"vc_single_image-wrapper   vc_box_border_grey\"><img loading=\"lazy\" decoding=\"async\" width=\"1156\" height=\"699\" src=\"https:\/\/www.raybite.com\/wp-content\/uploads\/2024\/11\/clientes_byn.png\" class=\"vc_single_image-img attachment-full\" alt=\"\" title=\"clientes_byn\" srcset=\"https:\/\/www.raybite.com\/wp-content\/uploads\/2024\/11\/clientes_byn.png 1156w, https:\/\/www.raybite.com\/wp-content\/uploads\/2024\/11\/clientes_byn-300x181.png 300w, https:\/\/www.raybite.com\/wp-content\/uploads\/2024\/11\/clientes_byn-1024x619.png 1024w, https:\/\/www.raybite.com\/wp-content\/uploads\/2024\/11\/clientes_byn-768x464.png 768w, https:\/\/www.raybite.com\/wp-content\/uploads\/2024\/11\/clientes_byn-18x12.png 18w, https:\/\/www.raybite.com\/wp-content\/uploads\/2024\/11\/clientes_byn-600x363.png 600w\" sizes=\"auto, (max-width: 1156px) 100vw, 1156px\" \/><\/div>\n\t\t<\/figure>\n\t<\/div>\n<\/div><\/div><\/div><\/div><\/div><\/div><\/div><div  class=\"vc_row wpb_row  vc_custom_1732378617373 full-width\" style=\"\"><div class=\"vc_row\"><div class=\"wpb_column vc_column_container col-sm-12 vc_col-sm-12 col-lg-12 vc_col-lg-12\"><div class=\"vc_column-inner\"><div class=\"wpb_wrapper\"><div class=\"vc_tta-container\" data-vc-action=\"collapse\"><div class=\"vc_general vc_tta vc_tta-tabs vc_tta-color-juicy-pink vc_tta-style-modern vc_tta-shape-square vc_tta-spacing-1 vc_tta-tabs-position-top vc_tta-controls-align-center vc_custom_1731971678233\"><div class=\"vc_tta-tabs-container\"><ul class=\"vc_tta-tabs-list\"><li class=\"vc_tta-tab vc_active\" data-vc-tab><a href=\"#1731970638057-24ad4308-70cc\" data-vc-tabs data-vc-container=\".vc_tta\"><span class=\"vc_tta-title-text\">ARGENTINA<\/span><\/a><\/li><li class=\"vc_tta-tab\" data-vc-tab><a href=\"#1731970638058-4fa0f024-c73c\" data-vc-tabs data-vc-container=\".vc_tta\"><span class=\"vc_tta-title-text\">BOLIVIA<\/span><\/a><\/li><li class=\"vc_tta-tab\" data-vc-tab><a href=\"#1731970877161-16721678-ba15\" data-vc-tabs data-vc-container=\".vc_tta\"><span class=\"vc_tta-title-text\">ESTADOS UNIDOS<\/span><\/a><\/li><li class=\"vc_tta-tab\" data-vc-tab><a href=\"#1731970883745-1b342285-d3bf\" data-vc-tabs data-vc-container=\".vc_tta\"><span class=\"vc_tta-title-text\">PARAGUAY<\/span><\/a><\/li><li class=\"vc_tta-tab\" data-vc-tab><a href=\"#1731971463936-8f2d857c-16a7\" data-vc-tabs data-vc-container=\".vc_tta\"><span class=\"vc_tta-title-text\">PERU<\/span><\/a><\/li><li class=\"vc_tta-tab\" data-vc-tab><a href=\"#1731971465175-48b4d02a-ac12\" data-vc-tabs data-vc-container=\".vc_tta\"><span class=\"vc_tta-title-text\">URUGUAY<\/span><\/a><\/li><\/ul><\/div><div class=\"vc_tta-panels-container\"><div class=\"vc_tta-panels\"><div class=\"vc_tta-panel vc_active\" id=\"1731970638057-24ad4308-70cc\" data-vc-content=\".vc_tta-panel-body\"><div class=\"vc_tta-panel-heading\"><h4 class=\"vc_tta-panel-title\"><a href=\"#1731970638057-24ad4308-70cc\" data-vc-accordion data-vc-container=\".vc_tta-container\"><span class=\"vc_tta-title-text\">ARGENTINA<\/span><\/a><\/h4><\/div><div class=\"vc_tta-panel-body\"><div class=\"vc_row wpb_row vc_inner\"><div class=\"wpb_column vc_column_container col-sm-6 vc_col-sm-6 col-lg-6 vc_col-lg-6\"><div class=\"vc_column-inner\"><div class=\"wpb_wrapper\">\n\t<div class=\"wpb_text_column wpb_content_element\" >\n\t\t<div class=\"wpb_wrapper\">\n\t\t\t<p>3M Argentina S.A.<br \/>\nAkzo Nobel Argentina (Alba)<br \/>\nAlpacon S.A.<br \/>\nAlstom Power Argentina<br \/>\nAmpacet, Planta Tortuguitas<br \/>\nAsociaci\u00f3n de Cooperativas Argentina, Planta Campana<br \/>\nAxion Energy<br \/>\nBayer Arg. S.A., Planta Z\u00e1rate<br \/>\nBenito Roggio S.A.<br \/>\nBunge Argentina, Planta Campana<br \/>\nCabot Argentina S.A.I.C., Planta Campana<br \/>\nCaldin S.R.L.<br \/>\nCanavesi S.R.L.<br \/>\nCarboclor S.A., Planta Campana<br \/>\nC.A.S.A. Isenbeck, Planta Z\u00e1rate<br \/>\nCelulosa Argentina, Planta Z\u00e1rate<br \/>\nCervecer\u00eda y Malter\u00eda Quilmes S.A., Z\u00e1rate<br \/>\nClariant Argentina S.A., Planta Z\u00e1rate<br \/>\nCometarsa S.A.I.C.<br \/>\nCormela S.A.<br \/>\nDe Marziani y Turchetti S.A.<br \/>\nDibutec S.A. &#8211; Total Austral<br \/>\nEastman Chemical Argentina, Planta Z\u00e1rate<br \/>\nElida Pond\u2019s &#8211; Divisi\u00f3n de Unilever de Argentina, Planta Tortuguitas<br \/>\nEmedeb S.R.L.<br \/>\nEsso Petrolera Argentina<br \/>\nExplora S.A.<br \/>\nFaplac<br \/>\nGador S.A. &#8211; Farmoqu\u00edmica, Planta Pilar<br \/>\nGePlastic (General Electric), Planta Tortuguitas<br \/>\nGestamp<br \/>\nInei S.R.L. &#8211; Parmalat S.A., Parque Industrial Pilar<br \/>\nInquimex &#8211; Planta Dock Sud<\/p>\n\n\t\t<\/div>\n\t<\/div>\n<\/div><\/div><\/div><div class=\"wpb_column vc_column_container col-sm-6 vc_col-sm-6 col-lg-6 vc_col-lg-6\"><div class=\"vc_column-inner\"><div class=\"wpb_wrapper\">\n\t<div class=\"wpb_text_column wpb_content_element\" >\n\t\t<div class=\"wpb_wrapper\">\n\t\t\t<p>Invap S.A.<br \/>\nIpesa S.A., Planta Z\u00e1rate<br \/>\nJumabe S.R.L.<br \/>\nJusa S.A.<br \/>\nLanxxes S.A., Planta Z\u00e1rate<br \/>\nLedesma, Gral. San Mart\u00edn, Jujuy<br \/>\nMassalin, Planta Merlo<br \/>\nMerisant S.R.L., Planta Z\u00e1rate<br \/>\nMetalzine<br \/>\nMinera del Altiplano, Salta<br \/>\nMonsanto Argentina S.A.<br \/>\nNitratos Austin<br \/>\nNuclar S.A. (Central Nuclear Atucha II), Lima<br \/>\nO.E.A. S.A.<br \/>\nOrmas S.A.<br \/>\nParmalat, Planta Pilar<br \/>\nPetrobras Argentina S.A.<br \/>\nPetrobras Argentina S.A., Planta San Lorenzo<br \/>\nPetroqu\u00edmica R\u00edo Tercero, Planta C\u00f3rdoba<br \/>\nPionner Resources, Neuqu\u00e9n<br \/>\nPrats y Cia S.A.<br \/>\nPraxair Argentina<br \/>\nProfertil S.A., Planta Bah\u00eda Blanca<br \/>\nShell C.A.P.S.A., Planta Dock Sud<br \/>\nSiemens<br \/>\nSolutia, Bs. As., Capital<br \/>\nSolvay Indupa, Planta Bah\u00eda Blanca<br \/>\nSulzer Brothers Ltd., Planta Agua Pesada, Pcia. de Neuqu\u00e9n<br \/>\nTechint<br \/>\nTechnia S.A.<br \/>\nTecpromont S.A.<br \/>\nTotal Austral S.A.<br \/>\nToyota<br \/>\nUnilever Argentina S.A., Planta Pilar<\/p>\n\n\t\t<\/div>\n\t<\/div>\n<\/div><\/div><\/div><\/div><\/div><\/div><div class=\"vc_tta-panel\" id=\"1731970638058-4fa0f024-c73c\" data-vc-content=\".vc_tta-panel-body\"><div class=\"vc_tta-panel-heading\"><h4 class=\"vc_tta-panel-title\"><a href=\"#1731970638058-4fa0f024-c73c\" data-vc-accordion data-vc-container=\".vc_tta-container\"><span class=\"vc_tta-title-text\">BOLIVIA<\/span><\/a><\/h4><\/div><div class=\"vc_tta-panel-body\"><div class=\"vc_row wpb_row vc_inner\"><div class=\"wpb_column vc_column_container col-sm-6 vc_col-sm-6 col-lg-6 vc_col-lg-6\"><div class=\"vc_column-inner\"><div class=\"wpb_wrapper\">\n\t<div class=\"wpb_text_column wpb_content_element\" >\n\t\t<div class=\"wpb_wrapper\">\n\t\t\t<p>Inesco Santos CMI<br \/>\nBolivia Servipetrol<\/p>\n\n\t\t<\/div>\n\t<\/div>\n<\/div><\/div><\/div><div class=\"wpb_column vc_column_container col-sm-6 vc_col-sm-6 col-lg-6 vc_col-lg-6\"><div class=\"vc_column-inner\"><div class=\"wpb_wrapper\"><\/div><\/div><\/div><\/div><\/div><\/div><div class=\"vc_tta-panel\" id=\"1731970877161-16721678-ba15\" data-vc-content=\".vc_tta-panel-body\"><div class=\"vc_tta-panel-heading\"><h4 class=\"vc_tta-panel-title\"><a href=\"#1731970877161-16721678-ba15\" data-vc-accordion data-vc-container=\".vc_tta-container\"><span class=\"vc_tta-title-text\">ESTADOS UNIDOS<\/span><\/a><\/h4><\/div><div class=\"vc_tta-panel-body\"><div class=\"vc_row wpb_row vc_inner\"><div class=\"wpb_column vc_column_container col-sm-6 vc_col-sm-6 col-lg-6 vc_col-lg-6\"><div class=\"vc_column-inner\"><div class=\"wpb_wrapper\">\n\t<div class=\"wpb_text_column wpb_content_element\" >\n\t\t<div class=\"wpb_wrapper\">\n\t\t\t<p>Austin Nitrogen LLC, Planta Amon\u00edaco<br \/>\nGorhman (Asesoramiento Planta Amon\u00edaco)<br \/>\nRidge &amp; Associates, Inc. Consulting Engineers<br \/>\nWeatherly, EE.UU.<\/p>\n\n\t\t<\/div>\n\t<\/div>\n<\/div><\/div><\/div><div class=\"wpb_column vc_column_container col-sm-6 vc_col-sm-6 col-lg-6 vc_col-lg-6\"><div class=\"vc_column-inner\"><div class=\"wpb_wrapper\"><\/div><\/div><\/div><\/div><\/div><\/div><div class=\"vc_tta-panel\" id=\"1731970883745-1b342285-d3bf\" data-vc-content=\".vc_tta-panel-body\"><div class=\"vc_tta-panel-heading\"><h4 class=\"vc_tta-panel-title\"><a href=\"#1731970883745-1b342285-d3bf\" data-vc-accordion data-vc-container=\".vc_tta-container\"><span class=\"vc_tta-title-text\">PARAGUAY<\/span><\/a><\/h4><\/div><div class=\"vc_tta-panel-body\"><div class=\"vc_row wpb_row vc_inner\"><div class=\"wpb_column vc_column_container col-sm-6 vc_col-sm-6 col-lg-6 vc_col-lg-6\"><div class=\"vc_column-inner\"><div class=\"wpb_wrapper\">\n\t<div class=\"wpb_text_column wpb_content_element\" >\n\t\t<div class=\"wpb_wrapper\">\n\t\t\t<p>Benito Roggio S.A., Villa Eliza, Paraguay<br \/>\nSosa y Asociados<\/p>\n\n\t\t<\/div>\n\t<\/div>\n<\/div><\/div><\/div><div class=\"wpb_column vc_column_container col-sm-6 vc_col-sm-6 col-lg-6 vc_col-lg-6\"><div class=\"vc_column-inner\"><div class=\"wpb_wrapper\"><\/div><\/div><\/div><\/div><\/div><\/div><div class=\"vc_tta-panel\" id=\"1731971463936-8f2d857c-16a7\" data-vc-content=\".vc_tta-panel-body\"><div class=\"vc_tta-panel-heading\"><h4 class=\"vc_tta-panel-title\"><a href=\"#1731971463936-8f2d857c-16a7\" data-vc-accordion data-vc-container=\".vc_tta-container\"><span class=\"vc_tta-title-text\">PERU<\/span><\/a><\/h4><\/div><div class=\"vc_tta-panel-body\"><div class=\"vc_row wpb_row vc_inner\"><div class=\"wpb_column vc_column_container col-sm-6 vc_col-sm-6 col-lg-6 vc_col-lg-6\"><div class=\"vc_column-inner\"><div class=\"wpb_wrapper\">\n\t<div class=\"wpb_text_column wpb_content_element\" >\n\t\t<div class=\"wpb_wrapper\">\n\t\t\t<p>Yura, Industrias Cachimayo, Per\u00fa<\/p>\n\n\t\t<\/div>\n\t<\/div>\n<\/div><\/div><\/div><div class=\"wpb_column vc_column_container col-sm-6 vc_col-sm-6 col-lg-6 vc_col-lg-6\"><div class=\"vc_column-inner\"><div class=\"wpb_wrapper\"><\/div><\/div><\/div><\/div><\/div><\/div><div class=\"vc_tta-panel\" id=\"1731971465175-48b4d02a-ac12\" data-vc-content=\".vc_tta-panel-body\"><div class=\"vc_tta-panel-heading\"><h4 class=\"vc_tta-panel-title\"><a href=\"#1731971465175-48b4d02a-ac12\" data-vc-accordion data-vc-container=\".vc_tta-container\"><span class=\"vc_tta-title-text\">URUGUAY<\/span><\/a><\/h4><\/div><div class=\"vc_tta-panel-body\"><div class=\"vc_row wpb_row vc_inner\"><div class=\"wpb_column vc_column_container col-sm-6 vc_col-sm-6 col-lg-6 vc_col-lg-6\"><div class=\"vc_column-inner\"><div class=\"wpb_wrapper\">\n\t<div class=\"wpb_text_column wpb_content_element\" >\n\t\t<div class=\"wpb_wrapper\">\n\t\t\t<p>O.E.A. S.A.<br \/>\nAncap S.A., RepOriental del Uruguay<\/p>\n\n\t\t<\/div>\n\t<\/div>\n<\/div><\/div><\/div><div class=\"wpb_column vc_column_container col-sm-6 vc_col-sm-6 col-lg-6 vc_col-lg-6\"><div class=\"vc_column-inner\"><div class=\"wpb_wrapper\"><\/div><\/div><\/div><\/div><\/div><\/div><\/div><\/div><\/div><\/div><\/div><\/div><\/div><div class=\"wpb_column vc_column_container col-sm-12 vc_col-sm-12 col-lg-12 vc_col-lg-12\"><div class=\"vc_column-inner\"><div class=\"wpb_wrapper\"><\/div><\/div><\/div><div class=\"wpb_column vc_column_container col-sm-12 vc_col-sm-12 col-lg-12 vc_col-lg-12\"><div class=\"vc_column-inner\"><div class=\"wpb_wrapper\"><\/div><\/div><\/div><\/div><\/div><div  class=\"vc_row wpb_row  agency vc_custom_1433415637271\" style=\"background-image:url(https:\/\/structure.thememove.com\/data\/images\/contact-us_bg.png);\"><div class=\"boxed\"><div class=\"container\"><div class=\"vc_row\"><div class=\"wpb_column vc_column_container col-sm-12 vc_col-sm-12 col-lg-12 vc_col-lg-12\"><div class=\"vc_column-inner\"><div class=\"wpb_wrapper\"><div class=\"vc_row wpb_row vc_inner vc_custom_1433413977657\"><div class=\"wpb_column vc_column_container col-sm-4 vc_col-sm-4 col-lg-4 vc_col-lg-4\"><div class=\"vc_column-inner\"><div class=\"wpb_wrapper\"><div class=\"vc_custom_heading heading-title-3\" ><h2 style=\"font-size: 20px;text-align: left\" >RAYBITE - HEADQUARTERS<\/h2><\/div>\n\t<div class=\"wpb_text_column wpb_content_element\" >\n\t\t<div class=\"wpb_wrapper\">\n\t\t\t<div class=\"contact-info\"><i class=\"fa fa-bank\"><\/i><strong>Campana Office (HQ)<\/strong><br \/>\n<i class=\"fa fa-map-marker-alt\"><\/i>Dellepiane 685, Campana, Buenos Aires, Argentina.<br \/>\n<i class=\"fa fa-phone\"><\/i> (0054) 3489 432332<br \/>\n<i class=\"fa fa-envelope\"><\/i> ingenieria@raybite.com<br \/>\n<i class=\"fa fa-clock-o\"><\/i> Mon - Fri: 9:00 \u2013 18:00<\/div>\n\n\t\t<\/div>\n\t<\/div>\n<\/div><\/div><\/div><div class=\"wpb_column vc_column_container col-sm-4 vc_col-sm-4 col-lg-4 vc_col-lg-4\"><div class=\"vc_column-inner\"><div class=\"wpb_wrapper\"><div class=\"vc_custom_heading heading-title-3\" ><h2 style=\"font-size: 20px;text-align: left\" >RAYBITE - BUENOS AIRES<\/h2><\/div>\n\t<div class=\"wpb_text_column wpb_content_element\" >\n\t\t<div class=\"wpb_wrapper\">\n\t\t\t<div class=\"contact-info\"><i class=\"fa fa-bank\"><\/i><strong>Buenos Aires Office<\/strong><br \/>\n<i class=\"fa fa-map-marker-alt\"><\/i>Av del Libertador 5990, Piso 5, Oficina 501, Ciudad Autonoma de Buenos Aires.<br \/>\n<i class=\"fa fa-phone\"><\/i> (0054) 3489 432332<br \/>\n<i class=\"fa fa-envelope\"><\/i> ingenieria@raybite.com<br \/>\n<i class=\"fa fa-clock-o\"><\/i> Mon - Fri: 9:00 \u2013 18:00<\/div>\n\n\t\t<\/div>\n\t<\/div>\n<\/div><\/div><\/div><div class=\"wpb_column vc_column_container col-sm-4 vc_col-sm-4 col-lg-4 vc_col-lg-4\"><div class=\"vc_column-inner\"><div class=\"wpb_wrapper\"><div class=\"vc_custom_heading heading-title-3\" ><h2 style=\"font-size: 20px;text-align: left\" >RAYBITE - URUGUAY<\/h2><\/div>\n\t<div class=\"wpb_text_column wpb_content_element\" >\n\t\t<div class=\"wpb_wrapper\">\n\t\t\t<div class=\"contact-info\"><i class=\"fa fa-bank\"><\/i><strong>Uruguay Office<\/strong><br \/>\n<i class=\"fa fa-map-marker-alt\"><\/i>Misiones 1537, Montevideo, Uruguay.<br \/>\n<i class=\"fa fa-phone\"><\/i> (0054) 3489 432332<br \/>\n<i class=\"fa fa-envelope\"><\/i> ingenieria@raybite.com<br \/>\n<i class=\"fa fa-clock-o\"><\/i> Mon - Fri: 9:00 \u2013 18:00<\/div>\n\n\t\t<\/div>\n\t<\/div>\n<\/div><\/div><\/div><\/div><\/div><\/div><\/div><\/div><\/div><\/div><\/div><div  class=\"vc_row wpb_row\" style=\"\"><div class=\"boxed\"><div class=\"container\"><div class=\"vc_row\"><div class=\"wpb_column vc_column_container col-sm-9 vc_col-sm-9 col-lg-9 vc_col-lg-9\"><div class=\"vc_column-inner\"><div class=\"wpb_wrapper\"><div class=\"vc_custom_heading heading-title-3\" ><h2 style=\"font-size: 20px;text-align: left\" >CONTACT FORM<\/h2><\/div>\n\t<div class=\"wpb_text_column wpb_content_element\" >\n\t\t<div class=\"wpb_wrapper\">\n\t\t\t<p>At Raybite, we are ready to help you with your engineering projects. Complete the form below and our team will contact you to provide customized solutions.<\/p>\n\n\t\t<\/div>\n\t<\/div>\n<div class=\"vc_empty_space\"   style=\"height: 30px\"><span class=\"vc_empty_space_inner\"><\/span><\/div>\n<div class=\"wpcf7 no-js\" id=\"wpcf7-f584-o1\" lang=\"en-US\" dir=\"ltr\" data-wpcf7-id=\"584\">\n<div class=\"screen-reader-response\"><p role=\"status\" aria-live=\"polite\" aria-atomic=\"true\"><\/p> <ul><\/ul><\/div>\n<form action=\"\/en\/wp-json\/wp\/v2\/pages\/75858#wpcf7-f584-o1\" method=\"post\" class=\"wpcf7-form init\" aria-label=\"Contact form\" novalidate=\"novalidate\" data-status=\"init\" data-trp-original-action=\"\/en\/wp-json\/wp\/v2\/pages\/75858#wpcf7-f584-o1\">\n<fieldset class=\"hidden-fields-container\"><input type=\"hidden\" name=\"_wpcf7\" value=\"584\" \/><input type=\"hidden\" name=\"_wpcf7_version\" value=\"6.1\" \/><input type=\"hidden\" name=\"_wpcf7_locale\" value=\"en_US\" \/><input type=\"hidden\" name=\"_wpcf7_unit_tag\" value=\"wpcf7-f584-o1\" \/><input type=\"hidden\" name=\"_wpcf7_container_post\" value=\"0\" \/><input type=\"hidden\" name=\"_wpcf7_posted_data_hash\" value=\"\" \/><input type=\"hidden\" name=\"_wpcf7_recaptcha_response\" value=\"\" \/>\n<\/fieldset>\n<div class=\"row\">\n\t<div class=\"col-md-4\">\n\t\t<p><span class=\"wpcf7-form-control-wrap\" data-name=\"your-name\"><input size=\"40\" maxlength=\"400\" class=\"wpcf7-form-control wpcf7-text wpcf7-validates-as-required\" aria-required=\"true\" aria-invalid=\"false\" placeholder=\"Name\" value=\"\" type=\"text\" name=\"your-name\" \/><\/span>\n\t\t<\/p>\n\t<\/div>\n\t<div class=\"col-md-4\">\n\t\t<p><span class=\"wpcf7-form-control-wrap\" data-name=\"your-email\"><input size=\"40\" maxlength=\"400\" class=\"wpcf7-form-control wpcf7-email wpcf7-validates-as-required wpcf7-text wpcf7-validates-as-email\" aria-required=\"true\" aria-invalid=\"false\" placeholder=\"email\" value=\"\" type=\"email\" name=\"your-email\" \/><\/span>\n\t\t<\/p>\n\t<\/div>\n\t<div class=\"col-md-4\">\n\t\t<p><span class=\"wpcf7-form-control-wrap\" data-name=\"your-phone\"><input size=\"40\" maxlength=\"400\" class=\"wpcf7-form-control wpcf7-text wpcf7-validates-as-required\" aria-required=\"true\" aria-invalid=\"false\" placeholder=\"Phone Number\" value=\"\" type=\"text\" name=\"your-phone\" \/><\/span>\n\t\t<\/p>\n\t<\/div>\n\t<div class=\"col-md-12\">\n\t\t<p><span class=\"wpcf7-form-control-wrap\" data-name=\"your-subject\"><input size=\"40\" maxlength=\"400\" class=\"wpcf7-form-control wpcf7-text\" aria-invalid=\"false\" placeholder=\"Subject\" value=\"\" type=\"text\" name=\"your-subject\" \/><\/span>\n\t\t<\/p>\n\t<\/div>\n\t<div class=\"col-md-12\">\n\t\t<p><span class=\"wpcf7-form-control-wrap\" data-name=\"your-message\"><textarea cols=\"40\" rows=\"10\" maxlength=\"2000\" class=\"wpcf7-form-control wpcf7-textarea\" aria-invalid=\"false\" placeholder=\"Message\" name=\"your-message\"><\/textarea><\/span>\n\t\t<\/p>\n\t<\/div>\n\t<div class=\"col-md-12\">\n\t\t<p><input class=\"wpcf7-form-control wpcf7-submit has-spinner\" type=\"submit\" value=\"SEND\" \/>\n\t\t<\/p>\n\t<\/div>\n<\/div><div class=\"wpcf7-response-output\" aria-hidden=\"true\"><\/div>\n<input type=\"hidden\" name=\"trp-form-language\" value=\"en\"\/><\/form>\n<\/div>\n<\/div><\/div><\/div><div class=\"wpb_column vc_column_container col-sm-3 vc_col-sm-3 col-lg-3 vc_col-lg-3\"><div class=\"vc_column-inner\"><div class=\"wpb_wrapper\"><div class=\"vc_row wpb_row vc_inner call-us align-center vc_custom_1433416441863\"><div class=\"wpb_column vc_column_container col-sm-12 vc_col-sm-12 col-lg-12 vc_col-lg-12\"><div class=\"vc_column-inner\"><div class=\"wpb_wrapper\">\n\t<div class=\"wpb_text_column wpb_content_element\" >\n\t\t<div class=\"wpb_wrapper\">\n\t\t\t<p><img loading=\"lazy\" decoding=\"async\" class=\"alignnone\" src=\"https:\/\/structure.thememove.com\/data\/images\/call-us.jpg\" alt=\"\" width=\"270\" height=\"276\" \/><\/p>\n\n\t\t<\/div>\n\t<\/div>\n<div class=\"vc_custom_heading\" ><h4 style=\"font-size: 16px;text-align: center\" >Questions?<\/h4><\/div>\n\t<div class=\"wpb_text_column wpb_content_element\" >\n\t\t<div class=\"wpb_wrapper\">\n\t\t\t<p><i class=\"fa fa-phone\"><\/i>+54 3489 432332<\/p>\n\n\t\t<\/div>\n\t<\/div>\n<\/div><\/div><\/div><\/div><\/div><\/div><\/div><\/div><\/div><\/div><\/div>\n<\/div>","protected":false},"excerpt":{"rendered":"ARGENTINABOLIVIAESTADOS UNIDOSPARAGUAYPERUURUGUAYARGENTINA 3M Argentina S.A. Akzo Nobel Argentina (Alba) Alpacon S.A. Alstom Power Argentina Ampacet, Planta Tortuguitas Asociaci\u00f3n de Cooperativas Argentina, Planta Campana Axion Energy Bayer Arg. S.A., Planta Z\u00e1rate Benito Roggio S.A. Bunge Argentina, Planta Campana Cabot Argentina S.A.I.C., Planta Campana Caldin S.R.L. Canavesi S.R.L. Carboclor S.A., Planta Campana C.A.S.A. Isenbeck, Planta Z\u00e1rate Celulosa [...]","protected":false},"author":1,"featured_media":0,"parent":0,"menu_order":0,"comment_status":"closed","ping_status":"closed","template":"","meta":{"footnotes":""},"class_list":["post-75858","page","type-page","status-publish","hentry"],"yoast_head":"<!-- This site is optimized with the Yoast SEO plugin v25.3.1 - https:\/\/yoast.com\/wordpress\/plugins\/seo\/ -->\n<title>Clientes - Raybite Ingenieria<\/title>\n<meta name=\"robots\" content=\"index, follow, max-snippet:-1, max-image-preview:large, max-video-preview:-1\" \/>\n<link rel=\"canonical\" href=\"https:\/\/www.raybite.com\/en\/clientes\/\" \/>\n<meta property=\"og:locale\" content=\"en_US\" \/>\n<meta property=\"og:type\" content=\"article\" \/>\n<meta property=\"og:title\" content=\"Clientes - Raybite Ingenieria\" \/>\n<meta property=\"og:url\" content=\"https:\/\/www.raybite.com\/en\/clientes\/\" \/>\n<meta property=\"og:site_name\" content=\"Raybite Ingenieria\" \/>\n<meta property=\"article:modified_time\" content=\"2024-11-23T16:16:57+00:00\" \/>\n<meta property=\"og:image\" content=\"https:\/\/structure.thememove.com\/data\/images\/call-us.jpg\" \/>\n<meta name=\"twitter:card\" content=\"summary_large_image\" \/>\n<meta name=\"twitter:label1\" content=\"Est. reading time\" \/>\n\t<meta name=\"twitter:data1\" content=\"5 minutes\" \/>\n<script type=\"application\/ld+json\" class=\"yoast-schema-graph\">{\"@context\":\"https:\/\/schema.org\",\"@graph\":[{\"@type\":\"WebPage\",\"@id\":\"https:\/\/www.raybite.com\/clientes\/\",\"url\":\"https:\/\/www.raybite.com\/clientes\/\",\"name\":\"Clientes - Raybite Ingenieria\",\"isPartOf\":{\"@id\":\"https:\/\/www.raybite.com\/#website\"},\"primaryImageOfPage\":{\"@id\":\"https:\/\/www.raybite.com\/clientes\/#primaryimage\"},\"image\":{\"@id\":\"https:\/\/www.raybite.com\/clientes\/#primaryimage\"},\"thumbnailUrl\":\"https:\/\/structure.thememove.com\/data\/images\/call-us.jpg\",\"datePublished\":\"2024-11-18T22:54:59+00:00\",\"dateModified\":\"2024-11-23T16:16:57+00:00\",\"breadcrumb\":{\"@id\":\"https:\/\/www.raybite.com\/clientes\/#breadcrumb\"},\"inLanguage\":\"en-US\",\"potentialAction\":[{\"@type\":\"ReadAction\",\"target\":[\"https:\/\/www.raybite.com\/clientes\/\"]}]},{\"@type\":\"ImageObject\",\"inLanguage\":\"en-US\",\"@id\":\"https:\/\/www.raybite.com\/clientes\/#primaryimage\",\"url\":\"https:\/\/structure.thememove.com\/data\/images\/call-us.jpg\",\"contentUrl\":\"https:\/\/structure.thememove.com\/data\/images\/call-us.jpg\"},{\"@type\":\"BreadcrumbList\",\"@id\":\"https:\/\/www.raybite.com\/clientes\/#breadcrumb\",\"itemListElement\":[{\"@type\":\"ListItem\",\"position\":1,\"name\":\"Home\",\"item\":\"https:\/\/www.raybite.com\/en\/\"},{\"@type\":\"ListItem\",\"position\":2,\"name\":\"Clientes\"}]},{\"@type\":\"WebSite\",\"@id\":\"https:\/\/www.raybite.com\/#website\",\"url\":\"https:\/\/www.raybite.com\/\",\"name\":\"Raybite Ingenieria\",\"description\":\"Liderando con innovaci\u00f3n y experiencia\",\"potentialAction\":[{\"@type\":\"SearchAction\",\"target\":{\"@type\":\"EntryPoint\",\"urlTemplate\":\"https:\/\/www.raybite.com\/?s={search_term_string}\"},\"query-input\":{\"@type\":\"PropertyValueSpecification\",\"valueRequired\":true,\"valueName\":\"search_term_string\"}}],\"inLanguage\":\"en-US\"}]}<\/script>\n<!-- \/ Yoast SEO plugin. -->","yoast_head_json":{"title":"Clientes - Raybite Ingenieria","robots":{"index":"index","follow":"follow","max-snippet":"max-snippet:-1","max-image-preview":"max-image-preview:large","max-video-preview":"max-video-preview:-1"},"canonical":"https:\/\/www.raybite.com\/en\/clientes\/","og_locale":"en_US","og_type":"article","og_title":"Clientes - Raybite Ingenieria","og_url":"https:\/\/www.raybite.com\/en\/clientes\/","og_site_name":"Raybite Ingenieria","article_modified_time":"2024-11-23T16:16:57+00:00","og_image":[{"url":"https:\/\/structure.thememove.com\/data\/images\/call-us.jpg","type":"","width":"","height":""}],"twitter_card":"summary_large_image","twitter_misc":{"Est. reading time":"5 minutes"},"schema":{"@context":"https:\/\/schema.org","@graph":[{"@type":"WebPage","@id":"https:\/\/www.raybite.com\/clientes\/","url":"https:\/\/www.raybite.com\/clientes\/","name":"Clientes - Raybite Ingenieria","isPartOf":{"@id":"https:\/\/www.raybite.com\/#website"},"primaryImageOfPage":{"@id":"https:\/\/www.raybite.com\/clientes\/#primaryimage"},"image":{"@id":"https:\/\/www.raybite.com\/clientes\/#primaryimage"},"thumbnailUrl":"https:\/\/structure.thememove.com\/data\/images\/call-us.jpg","datePublished":"2024-11-18T22:54:59+00:00","dateModified":"2024-11-23T16:16:57+00:00","breadcrumb":{"@id":"https:\/\/www.raybite.com\/clientes\/#breadcrumb"},"inLanguage":"en-US","potentialAction":[{"@type":"ReadAction","target":["https:\/\/www.raybite.com\/clientes\/"]}]},{"@type":"ImageObject","inLanguage":"en-US","@id":"https:\/\/www.raybite.com\/clientes\/#primaryimage","url":"https:\/\/structure.thememove.com\/data\/images\/call-us.jpg","contentUrl":"https:\/\/structure.thememove.com\/data\/images\/call-us.jpg"},{"@type":"BreadcrumbList","@id":"https:\/\/www.raybite.com\/clientes\/#breadcrumb","itemListElement":[{"@type":"ListItem","position":1,"name":"Home","item":"https:\/\/www.raybite.com\/en\/"},{"@type":"ListItem","position":2,"name":"Clientes"}]},{"@type":"WebSite","@id":"https:\/\/www.raybite.com\/#website","url":"https:\/\/www.raybite.com\/","name":"Raybite Ingenieria","description":"Liderando con innovaci\u00f3n y experiencia","potentialAction":[{"@type":"SearchAction","target":{"@type":"EntryPoint","urlTemplate":"https:\/\/www.raybite.com\/?s={search_term_string}"},"query-input":{"@type":"PropertyValueSpecification","valueRequired":true,"valueName":"search_term_string"}}],"inLanguage":"en-US"}]}},"_links":{"self":[{"href":"https:\/\/www.raybite.com\/en\/wp-json\/wp\/v2\/pages\/75858","targetHints":{"allow":["GET"]}}],"collection":[{"href":"https:\/\/www.raybite.com\/en\/wp-json\/wp\/v2\/pages"}],"about":[{"href":"https:\/\/www.raybite.com\/en\/wp-json\/wp\/v2\/types\/page"}],"author":[{"embeddable":true,"href":"https:\/\/www.raybite.com\/en\/wp-json\/wp\/v2\/users\/1"}],"replies":[{"embeddable":true,"href":"https:\/\/www.raybite.com\/en\/wp-json\/wp\/v2\/comments?post=75858"}],"version-history":[{"count":12,"href":"https:\/\/www.raybite.com\/en\/wp-json\/wp\/v2\/pages\/75858\/revisions"}],"predecessor-version":[{"id":75887,"href":"https:\/\/www.raybite.com\/en\/wp-json\/wp\/v2\/pages\/75858\/revisions\/75887"}],"wp:attachment":[{"href":"https:\/\/www.raybite.com\/en\/wp-json\/wp\/v2\/media?parent=75858"}],"curies":[{"name":"wp","href":"https:\/\/api.w.org\/{rel}","templated":true}]}}