{"id":75684,"date":"2024-10-29T15:40:21","date_gmt":"2024-10-29T18:40:21","guid":{"rendered":"https:\/\/www.raybite.com\/?page_id=75684"},"modified":"2024-10-29T15:40:21","modified_gmt":"2024-10-29T18:40:21","slug":"nuestrosoftware","status":"publish","type":"page","link":"https:\/\/www.raybite.com\/en\/tecnologia\/nuestrosoftware\/","title":{"rendered":"C\u00f3mo Operamos"},"content":{"rendered":"<div class=\"wpb-content-wrapper\"><div data-stellar-background-ratio=\"\" data-stellar-horizontal-offset=\"0\" class=\"vc_row wpb_row  big-quote-2 vc_custom_1729108663982 full-width parallax\" style=\"\"><div class=\"vc_row\"><div class=\"container\"><div class=\"vc_row\"><div class=\"wpb_column vc_column_container col-sm-12 vc_col-sm-12 col-lg-12 vc_col-lg-12\"><div class=\"vc_column-inner\"><div class=\"wpb_wrapper\">\n\t<div class=\"wpb_text_column wpb_content_element\" >\n\t\t<div class=\"wpb_wrapper\">\n\t\t\t<p style=\"text-align: right;\">El esc\u00e1ner l\u00e1ser FARO Focus 3D revoluciona el an\u00e1lisis de infraestructuras industriales, brindando precisi\u00f3n milim\u00e9trica en la planificaci\u00f3n y dise\u00f1o de entornos complejos, todo con una velocidad incomparable<\/p>\n\n\t\t<\/div>\n\t<\/div>\n<\/div><\/div><\/div><\/div><\/div><\/div><\/div><div  class=\"vc_row wpb_row  vc_custom_1433558708166\" style=\"\"><div class=\"boxed\"><div class=\"container\"><div class=\"vc_row\"><div class=\"wpb_column vc_column_container col-sm-12 vc_col-sm-12 col-lg-12 vc_col-lg-12\"><div class=\"vc_column-inner\"><div class=\"wpb_wrapper\"><div class=\"wpb_images_carousel wpb_content_element vc_clearfix wpb_content_element images-carousel-2\"><div class=\"wpb_wrapper\"><div id=\"vc_images-carousel-1-1777536117\" data-ride=\"vc_carousel\" data-wrap=\"false\" style=\"width: 870px;\" data-interval=\"0\" data-auto-height=\"yes\" data-mode=\"horizontal\" data-partial=\"false\" data-per-view=\"1\" data-hide-on-end=\"true\" class=\"vc_slide vc_images_carousel\"><ol class=\"vc_carousel-indicators\"><li data-target=\"#vc_images-carousel-1-1777536117\" data-slide-to=\"0\"><\/li><li data-target=\"#vc_images-carousel-1-1777536117\" data-slide-to=\"1\"><\/li><li data-target=\"#vc_images-carousel-1-1777536117\" data-slide-to=\"2\"><\/li><\/ol><div class=\"vc_carousel-inner\"><div class=\"vc_carousel-slideline\"><div class=\"vc_carousel-slideline-inner\"><div class=\"vc_item\"><div class=\"vc_inner\"><a class=\"\" href=\"https:\/\/www.raybite.com\/wp-content\/uploads\/2015\/03\/iStock_000036665374_Large-1024x682.jpg\" data-lightbox=\"lightbox[rel-75684-670595846]\"><img decoding=\"async\" class=\"\" src=\"https:\/\/www.raybite.com\/wp-content\/uploads\/2015\/03\/iStock_000036665374_Large-870x460.jpg\" width=\"870\" height=\"460\" alt=\"iStock_000036665374_Large\" title=\"iStock_000036665374_Large\" loading=\"lazy\" \/><\/a><\/div><\/div><div class=\"vc_item\"><div class=\"vc_inner\"><a class=\"\" href=\"https:\/\/www.raybite.com\/wp-content\/uploads\/2015\/03\/iStock_000032042400_Large-1024x680.jpg\" data-lightbox=\"lightbox[rel-75684-670595846]\"><img decoding=\"async\" class=\"\" src=\"https:\/\/www.raybite.com\/wp-content\/uploads\/2015\/03\/iStock_000032042400_Large-870x460.jpg\" width=\"870\" height=\"460\" alt=\"Modern apartments with balconies set against a blue sky\" title=\"Modern apartments\" loading=\"lazy\" \/><\/a><\/div><\/div><div class=\"vc_item\"><div class=\"vc_inner\"><a class=\"\" href=\"https:\/\/www.raybite.com\/wp-content\/uploads\/2015\/03\/iStock_000045715860_Large-1-1024x683.jpg\" data-lightbox=\"lightbox[rel-75684-670595846]\"><img decoding=\"async\" class=\"\" src=\"https:\/\/www.raybite.com\/wp-content\/uploads\/2015\/03\/iStock_000045715860_Large-1-870x460.jpg\" width=\"870\" height=\"460\" alt=\"The museum and research center of the Celtic culture. The museum was opened in 2011 by the Hessen office of built heritage conservation ( Landesamt f\u0215r Denkmalpflege Hessen). It is located at the important place of discovery of a Celtic settlement aged about 5 thousend B.C. In the front of the building you see visitors watching and enjoing at the location.\" title=\"Glauberg, Museum of Celtic history, Hessen, Germany\" loading=\"lazy\" \/><\/a><\/div><\/div><\/div><\/div><\/div><a class=\"vc_left vc_carousel-control\" href=\"#vc_images-carousel-1-1777536117\" data-slide=\"prev\"><span class=\"icon-prev\"><\/span><\/a><a class=\"vc_right vc_carousel-control\" href=\"#vc_images-carousel-1-1777536117\" data-slide=\"next\"><span class=\"icon-next\"><\/span><\/a><\/div><\/div><\/div><\/div><\/div><\/div><\/div><\/div><\/div><\/div><div  class=\"vc_row wpb_row  vc_custom_1433128672748\" style=\"\"><div class=\"boxed\"><div class=\"container\"><div class=\"vc_row\"><div class=\"wpb_column vc_column_container col-sm-12 vc_col-sm-12 col-lg-12 vc_col-lg-12\"><div class=\"vc_column-inner\"><div class=\"wpb_wrapper\"><div class=\"vc_custom_heading heading-title-3\" ><h2 style=\"font-size: 20px;text-align: left\" >our technology<\/h2><\/div>\n\t<div class=\"wpb_text_column wpb_content_element\" >\n\t\t<div class=\"wpb_wrapper\">\n\t\t\t<p><span style=\"font-weight: 400;\">Sabemos que con las herramientas adecuadas, cualquier tarea se torna mucho m\u00e1s simple. Por eso contamos con equipamiento inform\u00e1tico y software de \u00faltima generaci\u00f3n que nos permite calcular, proyectar, dise\u00f1ar y diagramar todos los proyectos en los que nos involucramos.<\/span><\/p>\n\n\t\t<\/div>\n\t<\/div>\n<\/div><\/div><\/div><\/div><\/div><\/div><\/div><div  class=\"vc_row wpb_row  vc_custom_1433128678982\" style=\"\"><div class=\"boxed\"><div class=\"container\"><div class=\"vc_row\"><div class=\"wpb_column vc_column_container col-sm-6 vc_col-sm-6 col-lg-6 vc_col-lg-6\"><div class=\"vc_column-inner\"><div class=\"wpb_wrapper\"><div class=\"vc_custom_heading heading-title-3\" ><h2 style=\"font-size: 20px;text-align: left\" >%% DETALLE TECNOLOGIA %%<\/h2><\/div>\n\t<div class=\"wpb_text_column wpb_content_element\" >\n\t\t<div class=\"wpb_wrapper\">\n\t\t\t<p><img decoding=\"async\" src=\"https:\/\/www.raybite.com\/wp-content\/uploads\/2015\/03\/photo30.jpg\" alt=\"photo30\" \/><\/p>\n\n\t\t<\/div>\n\t<\/div>\n<div class=\"vc_btn3-container  download-btn vc_btn3-inline vc_do_btn\" ><button class=\"vc_general vc_btn3 vc_btn3-size-md vc_btn3-shape-square vc_btn3-style-modern vc_btn3-icon-left vc_btn3-color-grey\"><i class=\"vc_btn3-icon fa fa-file-pdf-o\"><\/i> Download .PDF<\/button><\/div><div class=\"vc_btn3-container  download-btn vc_btn3-inline vc_do_btn\" ><button class=\"vc_general vc_btn3 vc_btn3-size-md vc_btn3-shape-square vc_btn3-style-modern vc_btn3-icon-left vc_btn3-color-grey\"><i class=\"vc_btn3-icon fa fa-file-powerpoint-o\"><\/i> Download .PPT<\/button><\/div>\n\t<div class=\"wpb_text_column wpb_content_element\" >\n\t\t<div class=\"wpb_wrapper\">\n\t\t\t<p>As the general contractor, we first create the highest level of trust and integrity with our clients.<\/p>\n\n\t\t<\/div>\n\t<\/div>\n<\/div><\/div><\/div><div class=\"wpb_column vc_column_container col-sm-6 vc_col-sm-6 col-lg-6 vc_col-lg-6\"><div class=\"vc_column-inner\"><div class=\"wpb_wrapper\"><div class=\"vc_custom_heading heading-title-3\" ><h2 style=\"font-size: 20px;text-align: left\" >OUR 3D LASER SCANNER<\/h2><\/div>\n\t<div class=\"wpb_text_column wpb_content_element\" >\n\t\t<div class=\"wpb_wrapper\">\n\t\t\t<p><span style=\"font-weight: 400;\">Among the technological equipment we use, it is worth highlighting the use of 3D scanners for the planning and design of modifications in installations and production environments of complex piping systems in operation. <\/span>Esta tecnolog\u00eda nos permite:<\/p>\n\n\t\t<\/div>\n\t<\/div>\n<div class=\"vc_empty_space\"   style=\"height: 20px\"><span class=\"vc_empty_space_inner\"><\/span><\/div>\n\t<div class=\"wpb_text_column wpb_content_element\" >\n\t\t<div class=\"wpb_wrapper\">\n\t\t\t<ul>\n<li><span style=\"font-weight: 400;\">Coloring the pipes based on the characteristics of their contents, such as gas, liquid, high temperature, or high pressure, etc.\u00a0<\/span><\/li>\n<li><span style=\"font-weight: 400;\">It allows the user to more easily identify the appropriate section of piping among the scan data.\u00a0<\/span><\/li>\n<li><span style=\"font-weight: 400;\">Document and assess potential collisions of new structures and plan installations based on existing structures.\u00a0<\/span><\/li>\n<li><span style=\"font-weight: 400;\">Generate reports faster thanks to phase-shift technology, which makes it up to 100 times faster than traditional time-of-flight scanners.<\/span><\/li>\n<\/ul>\n\n\t\t<\/div>\n\t<\/div>\n<\/div><\/div><\/div><\/div><\/div><\/div><\/div><div  class=\"vc_row wpb_row  vc_custom_1433128685824\" style=\"\"><div class=\"boxed\"><div class=\"container\"><div class=\"vc_row\"><div class=\"wpb_column vc_column_container col-sm-12 vc_col-sm-12 col-lg-12 vc_col-lg-12\"><div class=\"vc_column-inner\"><div class=\"wpb_wrapper\"><div class=\"vc_custom_heading heading-title-3\" ><h2 style=\"font-size: 20px;text-align: left\" >Algunas de Nuestras Herramientas<\/h2><\/div>\n\t<div class=\"wpb_accordion wpb_content_element  not-column-inherit\" data-collapsible=\"\" data-vc-disable-keydown=\"false\" data-active-tab=\"1\">\n\t\t<div class=\"wpb_wrapper wpb_accordion_wrapper ui-accordion\">\n\n\n\t<div class=\"wpb_accordion_section group\">\n\t\t<h3 class=\"wpb_accordion_header ui-accordion-header\"><a href=\"#autodesk-autocad-navisworks-recap-inventor-3dstudio-diseno-2d-3d\">Autodesk (AutoCAD, Navisworks, ReCap, Inventor, 3DStudio) - Dise\u00f1o 2D-3D<\/a><\/h3>\n\t\t<div class=\"wpb_accordion_content ui-accordion-content vc_clearfix\">\n\t\t\t\n\t<div class=\"wpb_text_column wpb_content_element\" >\n\t\t<div class=\"wpb_wrapper\">\n\t\t\t<p>Essential for 2D and 3D design in industrial projects, allowing everything from the precise creation of plans to the simulation and detailed visualization of complex installations, optimizing the planning and execution process.<\/p>\n\n\t\t<\/div>\n\t<\/div>\n\n\t\t<\/div>\n\t<\/div>\n\n\t<div class=\"wpb_accordion_section group\">\n\t\t<h3 class=\"wpb_accordion_header ui-accordion-header\"><a href=\"#coade-caesar-ii\">Coade CAESAR II<\/a><\/h3>\n\t\t<div class=\"wpb_accordion_content ui-accordion-content vc_clearfix\">\n\t\t\t\n\t<div class=\"wpb_text_column wpb_content_element\" >\n\t\t<div class=\"wpb_wrapper\">\n\t\t\t<p>A leading tool for stress analysis in piping systems, ensuring structural integrity against thermal, mechanical, and dynamic loads.<\/p>\n\n\t\t<\/div>\n\t<\/div>\n\n\t\t<\/div>\n\t<\/div>\n\n\t<div class=\"wpb_accordion_section group\">\n\t\t<h3 class=\"wpb_accordion_header ui-accordion-header\"><a href=\"#cadworx-plant\">CADWorx Plant<\/a><\/h3>\n\t\t<div class=\"wpb_accordion_content ui-accordion-content vc_clearfix\">\n\t\t\t\n\t<div class=\"wpb_text_column wpb_content_element\" >\n\t\t<div class=\"wpb_wrapper\">\n\t\t\t<p>An integrated software for piping design, enabling the creation of precise and detailed models of industrial plants with efficiency and flexibility.<\/p>\n\n\t\t<\/div>\n\t<\/div>\n\n\t\t<\/div>\n\t<\/div>\n\n\t<div class=\"wpb_accordion_section group\">\n\t\t<h3 class=\"wpb_accordion_header ui-accordion-header\"><a href=\"#nisa-ii\">NISA II<\/a><\/h3>\n\t\t<div class=\"wpb_accordion_content ui-accordion-content vc_clearfix\">\n\t\t\t\n\t<div class=\"wpb_text_column wpb_content_element\" >\n\t\t<div class=\"wpb_wrapper\">\n\t\t\t<p>It uses finite element modeling to perform advanced analysis of complex structures, ensuring a safe and optimized design.<\/p>\n\n\t\t<\/div>\n\t<\/div>\n\n\t\t<\/div>\n\t<\/div>\n\n\t<div class=\"wpb_accordion_section group\">\n\t\t<h3 class=\"wpb_accordion_header ui-accordion-header\"><a href=\"#scene-5-2\">SCENE 5.2<\/a><\/h3>\n\t\t<div class=\"wpb_accordion_content ui-accordion-content vc_clearfix\">\n\t\t\t\n\t<div class=\"wpb_text_column wpb_content_element\" >\n\t\t<div class=\"wpb_wrapper\">\n\t\t\t<p>Specialized software for processing and recording 3D point clouds, ideal for creating accurate representations of scanned environments.<\/p>\n\n\t\t<\/div>\n\t<\/div>\n\n\t\t<\/div>\n\t<\/div>\n\n\t<div class=\"wpb_accordion_section group\">\n\t\t<h3 class=\"wpb_accordion_header ui-accordion-header\"><a href=\"#gexcel-jrc-3d-reconstructo\">Gexcel JRC 3D Reconstructo<\/a><\/h3>\n\t\t<div class=\"wpb_accordion_content ui-accordion-content vc_clearfix\">\n\t\t\t\n\t<div class=\"wpb_text_column wpb_content_element\" >\n\t\t<div class=\"wpb_wrapper\">\n\t\t\t<p>A robust tool for 3D modeling from point clouds, optimizing the analysis and visualization of captured data.<\/p>\n\n\t\t<\/div>\n\t<\/div>\n\n\t\t<\/div>\n\t<\/div>\n\n\t<div class=\"wpb_accordion_section group\">\n\t\t<h3 class=\"wpb_accordion_header ui-accordion-header\"><a href=\"#sap-2000\">SAP 2000<\/a><\/h3>\n\t\t<div class=\"wpb_accordion_content ui-accordion-content vc_clearfix\">\n\t\t\t\n\t<div class=\"wpb_text_column wpb_content_element\" >\n\t\t<div class=\"wpb_wrapper\">\n\t\t\t<p>Powerful software for structural calculation and analysis, used to ensure the stability and strength of buildings and complex infrastructures.<\/p>\n\n\t\t<\/div>\n\t<\/div>\n\n\t\t<\/div>\n\t<\/div>\n\n\t\t<\/div>\n\t<\/div>\n<\/div><\/div><\/div><\/div><\/div><\/div><\/div>\n<\/div>","protected":false},"excerpt":{"rendered":"El esc\u00e1ner l\u00e1ser FARO Focus 3D revoluciona el an\u00e1lisis de infraestructuras industriales, brindando precisi\u00f3n milim\u00e9trica en la planificaci\u00f3n y dise\u00f1o de entornos complejos, todo con una velocidad incomparable Nuestra Tecnologia Sabemos que con las herramientas adecuadas, cualquier tarea se torna mucho m\u00e1s simple. Por eso contamos con equipamiento inform\u00e1tico y software de \u00faltima generaci\u00f3n que [...]","protected":false},"author":1,"featured_media":0,"parent":340,"menu_order":0,"comment_status":"closed","ping_status":"closed","template":"","meta":{"footnotes":""},"class_list":["post-75684","page","type-page","status-publish","hentry"],"yoast_head":"<!-- This site is optimized with the Yoast SEO plugin v25.3.1 - https:\/\/yoast.com\/wordpress\/plugins\/seo\/ -->\n<title>C\u00f3mo Operamos - Raybite Ingenieria<\/title>\n<meta name=\"robots\" content=\"index, follow, max-snippet:-1, max-image-preview:large, max-video-preview:-1\" \/>\n<link rel=\"canonical\" href=\"https:\/\/www.raybite.com\/en\/tecnologia\/nuestrosoftware\/\" \/>\n<meta property=\"og:locale\" content=\"en_US\" \/>\n<meta property=\"og:type\" content=\"article\" \/>\n<meta property=\"og:title\" content=\"C\u00f3mo Operamos - Raybite Ingenieria\" \/>\n<meta property=\"og:url\" content=\"https:\/\/www.raybite.com\/en\/tecnologia\/nuestrosoftware\/\" \/>\n<meta property=\"og:site_name\" content=\"Raybite Ingenieria\" \/>\n<meta property=\"og:image\" content=\"https:\/\/www.raybite.com\/wp-content\/uploads\/2015\/03\/photo30.jpg\" \/>\n<meta name=\"twitter:card\" content=\"summary_large_image\" \/>\n<meta name=\"twitter:label1\" content=\"Est. reading time\" \/>\n\t<meta name=\"twitter:data1\" content=\"4 minutes\" \/>\n<script type=\"application\/ld+json\" class=\"yoast-schema-graph\">{\"@context\":\"https:\/\/schema.org\",\"@graph\":[{\"@type\":\"WebPage\",\"@id\":\"https:\/\/www.raybite.com\/tecnologia\/nuestrosoftware\/\",\"url\":\"https:\/\/www.raybite.com\/tecnologia\/nuestrosoftware\/\",\"name\":\"C\u00f3mo Operamos - Raybite Ingenieria\",\"isPartOf\":{\"@id\":\"https:\/\/www.raybite.com\/#website\"},\"primaryImageOfPage\":{\"@id\":\"https:\/\/www.raybite.com\/tecnologia\/nuestrosoftware\/#primaryimage\"},\"image\":{\"@id\":\"https:\/\/www.raybite.com\/tecnologia\/nuestrosoftware\/#primaryimage\"},\"thumbnailUrl\":\"https:\/\/www.raybite.com\/wp-content\/uploads\/2015\/03\/photo30.jpg\",\"datePublished\":\"2024-10-29T18:40:21+00:00\",\"breadcrumb\":{\"@id\":\"https:\/\/www.raybite.com\/tecnologia\/nuestrosoftware\/#breadcrumb\"},\"inLanguage\":\"en-US\",\"potentialAction\":[{\"@type\":\"ReadAction\",\"target\":[\"https:\/\/www.raybite.com\/tecnologia\/nuestrosoftware\/\"]}]},{\"@type\":\"ImageObject\",\"inLanguage\":\"en-US\",\"@id\":\"https:\/\/www.raybite.com\/tecnologia\/nuestrosoftware\/#primaryimage\",\"url\":\"https:\/\/www.raybite.com\/wp-content\/uploads\/2015\/03\/photo30.jpg\",\"contentUrl\":\"https:\/\/www.raybite.com\/wp-content\/uploads\/2015\/03\/photo30.jpg\"},{\"@type\":\"BreadcrumbList\",\"@id\":\"https:\/\/www.raybite.com\/tecnologia\/nuestrosoftware\/#breadcrumb\",\"itemListElement\":[{\"@type\":\"ListItem\",\"position\":1,\"name\":\"Home\",\"item\":\"https:\/\/www.raybite.com\/en\/\"},{\"@type\":\"ListItem\",\"position\":2,\"name\":\"TECNOLOGIA\",\"item\":\"https:\/\/www.raybite.com\/tecnologia\/\"},{\"@type\":\"ListItem\",\"position\":3,\"name\":\"C\u00f3mo Operamos\"}]},{\"@type\":\"WebSite\",\"@id\":\"https:\/\/www.raybite.com\/#website\",\"url\":\"https:\/\/www.raybite.com\/\",\"name\":\"Raybite Ingenieria\",\"description\":\"Liderando con innovaci\u00f3n y experiencia\",\"potentialAction\":[{\"@type\":\"SearchAction\",\"target\":{\"@type\":\"EntryPoint\",\"urlTemplate\":\"https:\/\/www.raybite.com\/?s={search_term_string}\"},\"query-input\":{\"@type\":\"PropertyValueSpecification\",\"valueRequired\":true,\"valueName\":\"search_term_string\"}}],\"inLanguage\":\"en-US\"}]}<\/script>\n<!-- \/ Yoast SEO plugin. -->","yoast_head_json":{"title":"C\u00f3mo Operamos - Raybite Ingenieria","robots":{"index":"index","follow":"follow","max-snippet":"max-snippet:-1","max-image-preview":"max-image-preview:large","max-video-preview":"max-video-preview:-1"},"canonical":"https:\/\/www.raybite.com\/en\/tecnologia\/nuestrosoftware\/","og_locale":"en_US","og_type":"article","og_title":"C\u00f3mo Operamos - Raybite Ingenieria","og_url":"https:\/\/www.raybite.com\/en\/tecnologia\/nuestrosoftware\/","og_site_name":"Raybite Ingenieria","og_image":[{"url":"https:\/\/www.raybite.com\/wp-content\/uploads\/2015\/03\/photo30.jpg","type":"","width":"","height":""}],"twitter_card":"summary_large_image","twitter_misc":{"Est. reading time":"4 minutes"},"schema":{"@context":"https:\/\/schema.org","@graph":[{"@type":"WebPage","@id":"https:\/\/www.raybite.com\/tecnologia\/nuestrosoftware\/","url":"https:\/\/www.raybite.com\/tecnologia\/nuestrosoftware\/","name":"C\u00f3mo Operamos - Raybite Ingenieria","isPartOf":{"@id":"https:\/\/www.raybite.com\/#website"},"primaryImageOfPage":{"@id":"https:\/\/www.raybite.com\/tecnologia\/nuestrosoftware\/#primaryimage"},"image":{"@id":"https:\/\/www.raybite.com\/tecnologia\/nuestrosoftware\/#primaryimage"},"thumbnailUrl":"https:\/\/www.raybite.com\/wp-content\/uploads\/2015\/03\/photo30.jpg","datePublished":"2024-10-29T18:40:21+00:00","breadcrumb":{"@id":"https:\/\/www.raybite.com\/tecnologia\/nuestrosoftware\/#breadcrumb"},"inLanguage":"en-US","potentialAction":[{"@type":"ReadAction","target":["https:\/\/www.raybite.com\/tecnologia\/nuestrosoftware\/"]}]},{"@type":"ImageObject","inLanguage":"en-US","@id":"https:\/\/www.raybite.com\/tecnologia\/nuestrosoftware\/#primaryimage","url":"https:\/\/www.raybite.com\/wp-content\/uploads\/2015\/03\/photo30.jpg","contentUrl":"https:\/\/www.raybite.com\/wp-content\/uploads\/2015\/03\/photo30.jpg"},{"@type":"BreadcrumbList","@id":"https:\/\/www.raybite.com\/tecnologia\/nuestrosoftware\/#breadcrumb","itemListElement":[{"@type":"ListItem","position":1,"name":"Home","item":"https:\/\/www.raybite.com\/en\/"},{"@type":"ListItem","position":2,"name":"TECNOLOGIA","item":"https:\/\/www.raybite.com\/tecnologia\/"},{"@type":"ListItem","position":3,"name":"C\u00f3mo Operamos"}]},{"@type":"WebSite","@id":"https:\/\/www.raybite.com\/#website","url":"https:\/\/www.raybite.com\/","name":"Raybite Ingenieria","description":"Liderando con innovaci\u00f3n y experiencia","potentialAction":[{"@type":"SearchAction","target":{"@type":"EntryPoint","urlTemplate":"https:\/\/www.raybite.com\/?s={search_term_string}"},"query-input":{"@type":"PropertyValueSpecification","valueRequired":true,"valueName":"search_term_string"}}],"inLanguage":"en-US"}]}},"_links":{"self":[{"href":"https:\/\/www.raybite.com\/en\/wp-json\/wp\/v2\/pages\/75684","targetHints":{"allow":["GET"]}}],"collection":[{"href":"https:\/\/www.raybite.com\/en\/wp-json\/wp\/v2\/pages"}],"about":[{"href":"https:\/\/www.raybite.com\/en\/wp-json\/wp\/v2\/types\/page"}],"author":[{"embeddable":true,"href":"https:\/\/www.raybite.com\/en\/wp-json\/wp\/v2\/users\/1"}],"replies":[{"embeddable":true,"href":"https:\/\/www.raybite.com\/en\/wp-json\/wp\/v2\/comments?post=75684"}],"version-history":[{"count":1,"href":"https:\/\/www.raybite.com\/en\/wp-json\/wp\/v2\/pages\/75684\/revisions"}],"predecessor-version":[{"id":75685,"href":"https:\/\/www.raybite.com\/en\/wp-json\/wp\/v2\/pages\/75684\/revisions\/75685"}],"up":[{"embeddable":true,"href":"https:\/\/www.raybite.com\/en\/wp-json\/wp\/v2\/pages\/340"}],"wp:attachment":[{"href":"https:\/\/www.raybite.com\/en\/wp-json\/wp\/v2\/media?parent=75684"}],"curies":[{"name":"wp","href":"https:\/\/api.w.org\/{rel}","templated":true}]}}