{"id":75599,"date":"2024-10-10T10:21:06","date_gmt":"2024-10-10T13:21:06","guid":{"rendered":"https:\/\/www.raybite.com\/?page_id=75599"},"modified":"2024-11-18T20:39:56","modified_gmt":"2024-11-18T23:39:56","slug":"manpower","status":"publish","type":"page","link":"https:\/\/www.raybite.com\/en\/services\/manpower\/","title":{"rendered":"PERSONNEL MANAGEMENT"},"content":{"rendered":"<div class=\"wpb-content-wrapper\"><div  class=\"vc_row wpb_row  vc_custom_1433128525365\" style=\"\"><div class=\"boxed\"><div class=\"container\"><div class=\"vc_row\"><div class=\"wpb_column vc_column_container col-sm-12 vc_col-sm-12 col-lg-12 vc_col-lg-12\"><div class=\"vc_column-inner\"><div class=\"wpb_wrapper\"><div class=\"vc_custom_heading heading-title-3\" ><h2 style=\"font-size: 20px;text-align: left\" >PERSONNEL MANAGEMENT<\/h2><\/div>\n\t<div class=\"wpb_text_column wpb_content_element\" >\n\t\t<div class=\"wpb_wrapper\">\n\t\t\t<p><span style=\"font-weight: 400;\">At Raybite, we offer a comprehensive service for selecting and providing specialized technical personnel, designed to meet the specific needs of each industrial project. We focus on finding the right talent to maximize operational efficiency and ensure quality results. Our team of experts rigorously evaluates candidates, ensuring they have the experience and skills necessary to meet the challenges of each sector. We provide continuous support, from the onboarding process to project completion, ensuring successful integration and optimal performance.<\/span><\/p>\n\n\t\t<\/div>\n\t<\/div>\n<\/div><\/div><\/div><\/div><\/div><\/div><\/div><div  class=\"vc_row wpb_row  vc_custom_1433128537128\" style=\"\"><div class=\"boxed\"><div class=\"container\"><div class=\"vc_row\"><div class=\"wpb_column vc_column_container col-sm-6 vc_col-sm-6 col-lg-6 vc_col-lg-6\"><div class=\"vc_column-inner\"><div class=\"wpb_wrapper\"><div class=\"vc_custom_heading heading-title-3\" ><h2 style=\"font-size: 20px;text-align: left\" >DOWNLOADS<\/h2><\/div>\n\t<div class=\"wpb_text_column wpb_content_element\" >\n\t\t<div class=\"wpb_wrapper\">\n\t\t\t<p><img loading=\"lazy\" decoding=\"async\" class=\"alignnone size-medium wp-image-75714\" src=\"https:\/\/www.raybite.com\/wp-content\/uploads\/2024\/11\/downloadble-300x300.png\" alt=\"\" width=\"300\" height=\"300\" srcset=\"https:\/\/www.raybite.com\/wp-content\/uploads\/2024\/11\/downloadble-300x300.png 300w, https:\/\/www.raybite.com\/wp-content\/uploads\/2024\/11\/downloadble-1024x1024.png 1024w, https:\/\/www.raybite.com\/wp-content\/uploads\/2024\/11\/downloadble-150x150.png 150w, https:\/\/www.raybite.com\/wp-content\/uploads\/2024\/11\/downloadble-768x768.png 768w, https:\/\/www.raybite.com\/wp-content\/uploads\/2024\/11\/downloadble-12x12.png 12w, https:\/\/www.raybite.com\/wp-content\/uploads\/2024\/11\/downloadble-100x100.png 100w, https:\/\/www.raybite.com\/wp-content\/uploads\/2024\/11\/downloadble-600x600.png 600w, https:\/\/www.raybite.com\/wp-content\/uploads\/2024\/11\/downloadble.png 1120w\" sizes=\"auto, (max-width: 300px) 100vw, 300px\" \/><\/p>\n\n\t\t<\/div>\n\t<\/div>\n\n\t<div class=\"wpb_text_column wpb_content_element\" >\n\t\t<div class=\"wpb_wrapper\">\n\t\t\t<p>As the general contractor, we first create the highest level of trust and integrity with our clients.<\/p>\n\n\t\t<\/div>\n\t<\/div>\n<div class=\"vc_btn3-container  download-btn vc_btn3-inline vc_do_btn\" ><a class=\"vc_general vc_btn3 vc_btn3-size-md vc_btn3-shape-square vc_btn3-style-modern vc_btn3-icon-left vc_btn3-color-grey\" href=\"https:\/\/www.raybite.com\/wp-content\/uploads\/2024\/11\/Raybite_brochure_2020-2.pdf\" title=\"\" target=\"_blank\"><i class=\"vc_btn3-icon fas fa-download\"><\/i> Brochure .PDF<\/a><\/div><\/div><\/div><\/div><div class=\"wpb_column vc_column_container col-sm-6 vc_col-sm-6 col-lg-6 vc_col-lg-6\"><div class=\"vc_column-inner\"><div class=\"wpb_wrapper\"><div class=\"vc_custom_heading heading-title-3\" ><h2 style=\"font-size: 20px;text-align: left\" >SPECIALTIES<\/h2><\/div>\n\t<div class=\"wpb_text_column wpb_content_element\" >\n\t\t<div class=\"wpb_wrapper\">\n\t\t\t<p><span style=\"font-weight: 400;\">Engineers . Architects . Technical Draftsmen . Systems Analysts . Technicians . Calculators . Designers . PLC Programmers<\/span><\/p>\n\n\t\t<\/div>\n\t<\/div>\n<div class=\"vc_empty_space\"   style=\"height: 20px\"><span class=\"vc_empty_space_inner\"><\/span><\/div>\n\t<div class=\"wpb_text_column wpb_content_element\" >\n\t\t<div class=\"wpb_wrapper\">\n\t\t\t<p><span style=\"font-weight: 400;\">Our personnel service includes a wide range of highly skilled specialists to meet the most demanding technical needs of the industry. We have engineers from various disciplines (civil, mechanical, electrical, industrial), architects, technical draftsmen, systems analysts, specialist technicians, designers, calculators, and PLC programmers. Thanks to this diversity, we are prepared to provide qualified resources in sectors such as oil, gas, chemicals, pharmaceuticals, manufacturing, and energy, always ensuring a professional and efficient approach.<\/span><\/p>\n\n\t\t<\/div>\n\t<\/div>\n<\/div><\/div><\/div><\/div><\/div><\/div><\/div><div  class=\"vc_row wpb_row  vc_custom_1433128571469\" style=\"\"><div class=\"boxed\"><div class=\"container\"><div class=\"vc_row\"><div class=\"wpb_column vc_column_container col-sm-12 vc_col-sm-12 col-lg-12 vc_col-lg-12\"><div class=\"vc_column-inner\"><div class=\"wpb_wrapper\"><div class=\"vc_custom_heading heading-title-3\" ><h2 style=\"font-size: 20px;text-align: left\" >Service Highlights<\/h2><\/div>\n\t<div class=\"wpb_accordion wpb_content_element  not-column-inherit\" data-collapsible=\"\" data-vc-disable-keydown=\"false\" data-active-tab=\"1\">\n\t\t<div class=\"wpb_wrapper wpb_accordion_wrapper ui-accordion\">\n\n\n\t<div class=\"wpb_accordion_section group\">\n\t\t<h3 class=\"wpb_accordion_header ui-accordion-header\"><a href=\"#seleccion-de-talento-especializado\">Specialized Talent Selection<\/a><\/h3>\n\t\t<div class=\"wpb_accordion_content ui-accordion-content vc_clearfix\">\n\t\t\t\n\t<div class=\"wpb_text_column wpb_content_element\" >\n\t\t<div class=\"wpb_wrapper\">\n\t\t\t<p><span style=\"font-weight: 400;\">Provision of qualified technical personnel, tailored to the specific needs of the project and the client.<\/span><\/p>\n\n\t\t<\/div>\n\t<\/div>\n\n\t\t<\/div>\n\t<\/div>\n\n\t<div class=\"wpb_accordion_section group\">\n\t\t<h3 class=\"wpb_accordion_header ui-accordion-header\"><a href=\"#asesoramiento-integral\">Comprehensive Consulting<\/a><\/h3>\n\t\t<div class=\"wpb_accordion_content ui-accordion-content vc_clearfix\">\n\t\t\t\n\t<div class=\"wpb_text_column wpb_content_element\" >\n\t\t<div class=\"wpb_wrapper\">\n\t\t\t<p><span style=\"font-weight: 400;\">Consulting to find the right profile that maximizes team efficiency and productivity.<\/span><\/p>\n\n\t\t<\/div>\n\t<\/div>\n\n\t\t<\/div>\n\t<\/div>\n\n\t<div class=\"wpb_accordion_section group\">\n\t\t<h3 class=\"wpb_accordion_header ui-accordion-header\"><a href=\"#compromiso-con-la-calidad\">Commitment to Quality<\/a><\/h3>\n\t\t<div class=\"wpb_accordion_content ui-accordion-content vc_clearfix\">\n\t\t\t\n\t<div class=\"wpb_text_column wpb_content_element\" >\n\t\t<div class=\"wpb_wrapper\">\n\t\t\t<p><span style=\"font-weight: 400;\">Personnel focused on achieving objectives, ensuring high performance and technical expertise.<\/span><\/p>\n\n\t\t<\/div>\n\t<\/div>\n\n\t\t<\/div>\n\t<\/div>\n\n\t\t<\/div>\n\t<\/div>\n<\/div><\/div><\/div><\/div><\/div><\/div><\/div>\n<\/div>","protected":false},"excerpt":{"rendered":"PERSONAL En Raybite, ofrecemos un servicio integral de selecci\u00f3n y provisi\u00f3n de personal t\u00e9cnico especializado, dise\u00f1ado para cubrir las necesidades espec\u00edficas de cada proyecto industrial. Nos enfocamos en encontrar el talento adecuado para maximizar la eficiencia operativa y garantizar resultados de calidad. Nuestro equipo de expertos se encarga de evaluar rigurosamente a los candidatos, asegurando [...]","protected":false},"author":1,"featured_media":0,"parent":59,"menu_order":0,"comment_status":"closed","ping_status":"closed","template":"","meta":{"footnotes":""},"class_list":["post-75599","page","type-page","status-publish","hentry"],"yoast_head":"<!-- This site is optimized with the Yoast SEO plugin v25.3.1 - https:\/\/yoast.com\/wordpress\/plugins\/seo\/ -->\n<title>PERSONAL - Raybite Ingenieria<\/title>\n<meta name=\"robots\" content=\"index, follow, max-snippet:-1, max-image-preview:large, max-video-preview:-1\" \/>\n<link rel=\"canonical\" href=\"https:\/\/www.raybite.com\/en\/services\/manpower\/\" \/>\n<meta property=\"og:locale\" content=\"en_US\" \/>\n<meta property=\"og:type\" content=\"article\" \/>\n<meta property=\"og:title\" content=\"PERSONAL - Raybite Ingenieria\" \/>\n<meta property=\"og:url\" content=\"https:\/\/www.raybite.com\/en\/services\/manpower\/\" \/>\n<meta property=\"og:site_name\" content=\"Raybite Ingenieria\" \/>\n<meta property=\"article:modified_time\" content=\"2024-11-18T23:39:56+00:00\" \/>\n<meta property=\"og:image\" content=\"https:\/\/www.raybite.com\/wp-content\/uploads\/2024\/11\/downloadble-300x300.png\" \/>\n<meta name=\"twitter:card\" content=\"summary_large_image\" \/>\n<meta name=\"twitter:label1\" content=\"Est. reading time\" \/>\n\t<meta name=\"twitter:data1\" content=\"3 minutes\" \/>\n<script type=\"application\/ld+json\" class=\"yoast-schema-graph\">{\"@context\":\"https:\/\/schema.org\",\"@graph\":[{\"@type\":\"WebPage\",\"@id\":\"https:\/\/www.raybite.com\/en\/services\/manpower\/\",\"url\":\"https:\/\/www.raybite.com\/en\/services\/manpower\/\",\"name\":\"PERSONAL - Raybite Ingenieria\",\"isPartOf\":{\"@id\":\"https:\/\/www.raybite.com\/#website\"},\"primaryImageOfPage\":{\"@id\":\"https:\/\/www.raybite.com\/en\/services\/manpower\/#primaryimage\"},\"image\":{\"@id\":\"https:\/\/www.raybite.com\/en\/services\/manpower\/#primaryimage\"},\"thumbnailUrl\":\"https:\/\/www.raybite.com\/wp-content\/uploads\/2024\/11\/downloadble-300x300.png\",\"datePublished\":\"2024-10-10T13:21:06+00:00\",\"dateModified\":\"2024-11-18T23:39:56+00:00\",\"breadcrumb\":{\"@id\":\"https:\/\/www.raybite.com\/en\/services\/manpower\/#breadcrumb\"},\"inLanguage\":\"en-US\",\"potentialAction\":[{\"@type\":\"ReadAction\",\"target\":[\"https:\/\/www.raybite.com\/en\/services\/manpower\/\"]}]},{\"@type\":\"ImageObject\",\"inLanguage\":\"en-US\",\"@id\":\"https:\/\/www.raybite.com\/en\/services\/manpower\/#primaryimage\",\"url\":\"https:\/\/www.raybite.com\/wp-content\/uploads\/2024\/11\/downloadble-300x300.png\",\"contentUrl\":\"https:\/\/www.raybite.com\/wp-content\/uploads\/2024\/11\/downloadble-300x300.png\"},{\"@type\":\"BreadcrumbList\",\"@id\":\"https:\/\/www.raybite.com\/en\/services\/manpower\/#breadcrumb\",\"itemListElement\":[{\"@type\":\"ListItem\",\"position\":1,\"name\":\"Home\",\"item\":\"https:\/\/www.raybite.com\/en\/\"},{\"@type\":\"ListItem\",\"position\":2,\"name\":\"Servicios\",\"item\":\"https:\/\/www.raybite.com\/en\/services\/\"},{\"@type\":\"ListItem\",\"position\":3,\"name\":\"PERSONAL\"}]},{\"@type\":\"WebSite\",\"@id\":\"https:\/\/www.raybite.com\/#website\",\"url\":\"https:\/\/www.raybite.com\/\",\"name\":\"Raybite Ingenieria\",\"description\":\"Liderando con innovaci\u00f3n y experiencia\",\"potentialAction\":[{\"@type\":\"SearchAction\",\"target\":{\"@type\":\"EntryPoint\",\"urlTemplate\":\"https:\/\/www.raybite.com\/?s={search_term_string}\"},\"query-input\":{\"@type\":\"PropertyValueSpecification\",\"valueRequired\":true,\"valueName\":\"search_term_string\"}}],\"inLanguage\":\"en-US\"}]}<\/script>\n<!-- \/ Yoast SEO plugin. -->","yoast_head_json":{"title":"PERSONAL - Raybite Ingenieria","robots":{"index":"index","follow":"follow","max-snippet":"max-snippet:-1","max-image-preview":"max-image-preview:large","max-video-preview":"max-video-preview:-1"},"canonical":"https:\/\/www.raybite.com\/en\/services\/manpower\/","og_locale":"en_US","og_type":"article","og_title":"PERSONAL - Raybite Ingenieria","og_url":"https:\/\/www.raybite.com\/en\/services\/manpower\/","og_site_name":"Raybite Ingenieria","article_modified_time":"2024-11-18T23:39:56+00:00","og_image":[{"url":"https:\/\/www.raybite.com\/wp-content\/uploads\/2024\/11\/downloadble-300x300.png","type":"","width":"","height":""}],"twitter_card":"summary_large_image","twitter_misc":{"Est. reading time":"3 minutes"},"schema":{"@context":"https:\/\/schema.org","@graph":[{"@type":"WebPage","@id":"https:\/\/www.raybite.com\/en\/services\/manpower\/","url":"https:\/\/www.raybite.com\/en\/services\/manpower\/","name":"PERSONAL - Raybite Ingenieria","isPartOf":{"@id":"https:\/\/www.raybite.com\/#website"},"primaryImageOfPage":{"@id":"https:\/\/www.raybite.com\/en\/services\/manpower\/#primaryimage"},"image":{"@id":"https:\/\/www.raybite.com\/en\/services\/manpower\/#primaryimage"},"thumbnailUrl":"https:\/\/www.raybite.com\/wp-content\/uploads\/2024\/11\/downloadble-300x300.png","datePublished":"2024-10-10T13:21:06+00:00","dateModified":"2024-11-18T23:39:56+00:00","breadcrumb":{"@id":"https:\/\/www.raybite.com\/en\/services\/manpower\/#breadcrumb"},"inLanguage":"en-US","potentialAction":[{"@type":"ReadAction","target":["https:\/\/www.raybite.com\/en\/services\/manpower\/"]}]},{"@type":"ImageObject","inLanguage":"en-US","@id":"https:\/\/www.raybite.com\/en\/services\/manpower\/#primaryimage","url":"https:\/\/www.raybite.com\/wp-content\/uploads\/2024\/11\/downloadble-300x300.png","contentUrl":"https:\/\/www.raybite.com\/wp-content\/uploads\/2024\/11\/downloadble-300x300.png"},{"@type":"BreadcrumbList","@id":"https:\/\/www.raybite.com\/en\/services\/manpower\/#breadcrumb","itemListElement":[{"@type":"ListItem","position":1,"name":"Home","item":"https:\/\/www.raybite.com\/en\/"},{"@type":"ListItem","position":2,"name":"Servicios","item":"https:\/\/www.raybite.com\/en\/services\/"},{"@type":"ListItem","position":3,"name":"PERSONAL"}]},{"@type":"WebSite","@id":"https:\/\/www.raybite.com\/#website","url":"https:\/\/www.raybite.com\/","name":"Raybite Ingenieria","description":"Liderando con innovaci\u00f3n y experiencia","potentialAction":[{"@type":"SearchAction","target":{"@type":"EntryPoint","urlTemplate":"https:\/\/www.raybite.com\/?s={search_term_string}"},"query-input":{"@type":"PropertyValueSpecification","valueRequired":true,"valueName":"search_term_string"}}],"inLanguage":"en-US"}]}},"_links":{"self":[{"href":"https:\/\/www.raybite.com\/en\/wp-json\/wp\/v2\/pages\/75599","targetHints":{"allow":["GET"]}}],"collection":[{"href":"https:\/\/www.raybite.com\/en\/wp-json\/wp\/v2\/pages"}],"about":[{"href":"https:\/\/www.raybite.com\/en\/wp-json\/wp\/v2\/types\/page"}],"author":[{"embeddable":true,"href":"https:\/\/www.raybite.com\/en\/wp-json\/wp\/v2\/users\/1"}],"replies":[{"embeddable":true,"href":"https:\/\/www.raybite.com\/en\/wp-json\/wp\/v2\/comments?post=75599"}],"version-history":[{"count":8,"href":"https:\/\/www.raybite.com\/en\/wp-json\/wp\/v2\/pages\/75599\/revisions"}],"predecessor-version":[{"id":75874,"href":"https:\/\/www.raybite.com\/en\/wp-json\/wp\/v2\/pages\/75599\/revisions\/75874"}],"up":[{"embeddable":true,"href":"https:\/\/www.raybite.com\/en\/wp-json\/wp\/v2\/pages\/59"}],"wp:attachment":[{"href":"https:\/\/www.raybite.com\/en\/wp-json\/wp\/v2\/media?parent=75599"}],"curies":[{"name":"wp","href":"https:\/\/api.w.org\/{rel}","templated":true}]}}