{"id":75597,"date":"2024-10-10T10:20:19","date_gmt":"2024-10-10T13:20:19","guid":{"rendered":"https:\/\/www.raybite.com\/?page_id=75597"},"modified":"2024-11-18T20:39:58","modified_gmt":"2024-11-18T23:39:58","slug":"supervision","status":"publish","type":"page","link":"https:\/\/www.raybite.com\/en\/services\/supervision\/","title":{"rendered":"SITE SUPERVISION"},"content":{"rendered":"<div class=\"wpb-content-wrapper\"><div  class=\"vc_row wpb_row  vc_custom_1433128525365\" style=\"\"><div class=\"boxed\"><div class=\"container\"><div class=\"vc_row\"><div class=\"wpb_column vc_column_container col-sm-12 vc_col-sm-12 col-lg-12 vc_col-lg-12\"><div class=\"vc_column-inner\"><div class=\"wpb_wrapper\"><div class=\"vc_custom_heading heading-title-3\" ><h2 style=\"font-size: 20px;text-align: left\" >SUPERVISION<\/h2><\/div>\n\t<div class=\"wpb_text_column wpb_content_element\" >\n\t\t<div class=\"wpb_wrapper\">\n\t\t\t<p><span style=\"font-weight: 400;\">At Raybite, our Site Supervision Department is made up of a permanent team of accredited professionals and technicians with extensive experience in supervising industrial projects. We specialize in comprehensive project coordination, work inspection and monitoring, and ensure compliance with quality and safety standards at every stage of the process. Our team covers various technical disciplines, including civil engineering, mechanical, electrical, processes, piping, and instrumentation, among others. We are trained to manage plant shutdowns, inspect the manufacturing of materials and equipment, and assist in commissioning, always ensuring an efficient and safe execution of the project.<\/span><\/p>\n\n\t\t<\/div>\n\t<\/div>\n<\/div><\/div><\/div><\/div><\/div><\/div><\/div><div  class=\"vc_row wpb_row  vc_custom_1433128537128\" style=\"\"><div class=\"boxed\"><div class=\"container\"><div class=\"vc_row\"><div class=\"wpb_column vc_column_container col-sm-6 vc_col-sm-6 col-lg-6 vc_col-lg-6\"><div class=\"vc_column-inner\"><div class=\"wpb_wrapper\"><div class=\"vc_custom_heading heading-title-3\" ><h2 style=\"font-size: 20px;text-align: left\" >DOWNLOADS<\/h2><\/div>\n\t<div class=\"wpb_text_column wpb_content_element\" >\n\t\t<div class=\"wpb_wrapper\">\n\t\t\t<p><img loading=\"lazy\" decoding=\"async\" class=\"alignnone size-medium wp-image-75714\" src=\"https:\/\/www.raybite.com\/wp-content\/uploads\/2024\/11\/downloadble-300x300.png\" alt=\"\" width=\"300\" height=\"300\" srcset=\"https:\/\/www.raybite.com\/wp-content\/uploads\/2024\/11\/downloadble-300x300.png 300w, https:\/\/www.raybite.com\/wp-content\/uploads\/2024\/11\/downloadble-1024x1024.png 1024w, https:\/\/www.raybite.com\/wp-content\/uploads\/2024\/11\/downloadble-150x150.png 150w, https:\/\/www.raybite.com\/wp-content\/uploads\/2024\/11\/downloadble-768x768.png 768w, https:\/\/www.raybite.com\/wp-content\/uploads\/2024\/11\/downloadble-12x12.png 12w, https:\/\/www.raybite.com\/wp-content\/uploads\/2024\/11\/downloadble-100x100.png 100w, https:\/\/www.raybite.com\/wp-content\/uploads\/2024\/11\/downloadble-600x600.png 600w, https:\/\/www.raybite.com\/wp-content\/uploads\/2024\/11\/downloadble.png 1120w\" sizes=\"auto, (max-width: 300px) 100vw, 300px\" \/><\/p>\n\n\t\t<\/div>\n\t<\/div>\n\n\t<div class=\"wpb_text_column wpb_content_element\" >\n\t\t<div class=\"wpb_wrapper\">\n\t\t\t<p>Trust and Integrity with Our Clients<\/p>\n\n\t\t<\/div>\n\t<\/div>\n<div class=\"vc_btn3-container  download-btn vc_btn3-inline vc_do_btn\" ><a class=\"vc_general vc_btn3 vc_btn3-size-md vc_btn3-shape-square vc_btn3-style-modern vc_btn3-icon-left vc_btn3-color-grey\" href=\"https:\/\/www.raybite.com\/wp-content\/uploads\/2024\/11\/Raybite_brochure_2020-2.pdf\" title=\"\"><i class=\"vc_btn3-icon fas fa-download\"><\/i> Brochure .PDF<\/a><\/div><\/div><\/div><\/div><div class=\"wpb_column vc_column_container col-sm-6 vc_col-sm-6 col-lg-6 vc_col-lg-6\"><div class=\"vc_column-inner\"><div class=\"wpb_wrapper\"><div class=\"vc_custom_heading heading-title-3\" ><h2 style=\"font-size: 20px;text-align: left\" >Specialties<\/h2><\/div>\n\t<div class=\"wpb_text_column wpb_content_element\" >\n\t\t<div class=\"wpb_wrapper\">\n\t\t\t<p><span style=\"font-weight: 400;\">Civil Engineering . Mechanical . Electrical . Architecture . Process . Piping . Instrumentation . Boilermaking . Pressure Vessels . Mechanical Equipment\u00a0<\/span><\/p>\n\n\t\t<\/div>\n\t<\/div>\n<div class=\"vc_empty_space\"   style=\"height: 20px\"><span class=\"vc_empty_space_inner\"><\/span><\/div>\n\t<div class=\"wpb_text_column wpb_content_element\" >\n\t\t<div class=\"wpb_wrapper\">\n\t\t\t<ul class=\"listing\">\n<li><span style=\"font-weight: 400;\">Site Coordination, Supervision, Inspection, and Monitoring of Work on Projects or during Plant Shutdowns\u00a0<\/span><\/li>\n<li><span style=\"font-weight: 400;\">Inspections, Monitoring of Material or Equipment Manufacturing<\/span><\/li>\n<li style=\"font-weight: 400;\" aria-level=\"1\"><span style=\"font-weight: 400;\">Plant and\/or Equipment Shutdown Scheduling for Routine or Occasional Tasks<\/span><\/li>\n<li style=\"font-weight: 400;\" aria-level=\"1\"><span style=\"font-weight: 400;\">Material, Equipment, System Specifications, and Engineering Requisitions\u00a0<\/span><\/li>\n<li style=\"font-weight: 400;\" aria-level=\"1\"><span style=\"font-weight: 400;\">Assistance with Equipment and\/or System Commissioning, Safety and Hygiene Supervision<\/span><i class=\"fa fa-check\"><\/i><\/li>\n<\/ul>\n\n\t\t<\/div>\n\t<\/div>\n<\/div><\/div><\/div><\/div><\/div><\/div><\/div><div  class=\"vc_row wpb_row  vc_custom_1433128571469\" style=\"\"><div class=\"boxed\"><div class=\"container\"><div class=\"vc_row\"><div class=\"wpb_column vc_column_container col-sm-12 vc_col-sm-12 col-lg-12 vc_col-lg-12\"><div class=\"vc_column-inner\"><div class=\"wpb_wrapper\"><div class=\"vc_custom_heading heading-title-3\" ><h2 style=\"font-size: 20px;text-align: left\" >Service Highlights<\/h2><\/div>\n\t<div class=\"wpb_accordion wpb_content_element  not-column-inherit\" data-collapsible=\"\" data-vc-disable-keydown=\"false\" data-active-tab=\"1\">\n\t\t<div class=\"wpb_wrapper wpb_accordion_wrapper ui-accordion\">\n\n\n\t<div class=\"wpb_accordion_section group\">\n\t\t<h3 class=\"wpb_accordion_header ui-accordion-header\"><a href=\"#supervision-con-personal-altamente-capacitado\">Supervision with Highly Skilled Personnel<\/a><\/h3>\n\t\t<div class=\"wpb_accordion_content ui-accordion-content vc_clearfix\">\n\t\t\t\n\t<div class=\"wpb_text_column wpb_content_element\" >\n\t\t<div class=\"wpb_wrapper\">\n\t\t\t<p><span style=\"font-weight: 400;\">Experienced professionals who ensure project control and monitoring, meeting the highest quality standards.<\/span><\/p>\n\n\t\t<\/div>\n\t<\/div>\n\n\t\t<\/div>\n\t<\/div>\n\n\t<div class=\"wpb_accordion_section group\">\n\t\t<h3 class=\"wpb_accordion_header ui-accordion-header\"><a href=\"#control-riguroso-de-obras\">Rigorous Project Control<\/a><\/h3>\n\t\t<div class=\"wpb_accordion_content ui-accordion-content vc_clearfix\">\n\t\t\t\n\t<div class=\"wpb_text_column wpb_content_element\" >\n\t\t<div class=\"wpb_wrapper\">\n\t\t\t<p><span style=\"font-weight: 400;\">Constant evaluation of each project phase, preventing deviations and ensuring deadlines and objectives are met.<\/span><\/p>\n\n\t\t<\/div>\n\t<\/div>\n\n\t\t<\/div>\n\t<\/div>\n\n\t<div class=\"wpb_accordion_section group\">\n\t\t<h3 class=\"wpb_accordion_header ui-accordion-header\"><a href=\"#cumplimiento-de-normativas\">Compliance with Regulations<\/a><\/h3>\n\t\t<div class=\"wpb_accordion_content ui-accordion-content vc_clearfix\">\n\t\t\t\n\t<div class=\"wpb_text_column wpb_content_element\" >\n\t\t<div class=\"wpb_wrapper\">\n\t\t\t<p><span style=\"font-weight: 400;\">Guaranteeing adherence to safety standards and industry-specific regulations.<\/span><\/p>\n\n\t\t<\/div>\n\t<\/div>\n\n\t\t<\/div>\n\t<\/div>\n\n\t\t<\/div>\n\t<\/div>\n<\/div><\/div><\/div><\/div><\/div><\/div><\/div>\n<\/div>","protected":false},"excerpt":{"rendered":"SUPERVISI\u00d3N En Raybite, nuestro Departamento de Supervisi\u00f3n de Obras est\u00e1 conformado por un equipo permanente de profesionales acreditados y t\u00e9cnicos con vasta experiencia en la supervisi\u00f3n de proyectos industriales. Nos especializamos en la coordinaci\u00f3n integral de obra, inspecci\u00f3n y seguimiento de trabajos, y garantizamos el cumplimiento de los est\u00e1ndares de calidad y seguridad en cada [...]","protected":false},"author":1,"featured_media":0,"parent":59,"menu_order":0,"comment_status":"closed","ping_status":"closed","template":"","meta":{"footnotes":""},"class_list":["post-75597","page","type-page","status-publish","hentry"],"yoast_head":"<!-- This site is optimized with the Yoast SEO plugin v25.3.1 - https:\/\/yoast.com\/wordpress\/plugins\/seo\/ -->\n<title>SUPERVISION - Raybite Ingenieria<\/title>\n<meta name=\"robots\" content=\"index, follow, max-snippet:-1, max-image-preview:large, max-video-preview:-1\" \/>\n<link rel=\"canonical\" href=\"https:\/\/www.raybite.com\/en\/services\/supervision\/\" \/>\n<meta property=\"og:locale\" content=\"en_US\" \/>\n<meta property=\"og:type\" content=\"article\" \/>\n<meta property=\"og:title\" content=\"SUPERVISION - Raybite Ingenieria\" \/>\n<meta property=\"og:url\" content=\"https:\/\/www.raybite.com\/en\/services\/supervision\/\" \/>\n<meta property=\"og:site_name\" content=\"Raybite Ingenieria\" \/>\n<meta property=\"article:modified_time\" content=\"2024-11-18T23:39:58+00:00\" \/>\n<meta property=\"og:image\" content=\"https:\/\/www.raybite.com\/wp-content\/uploads\/2024\/11\/downloadble-300x300.png\" \/>\n<meta name=\"twitter:card\" content=\"summary_large_image\" \/>\n<meta name=\"twitter:label1\" content=\"Est. reading time\" \/>\n\t<meta name=\"twitter:data1\" content=\"3 minutes\" \/>\n<script type=\"application\/ld+json\" class=\"yoast-schema-graph\">{\"@context\":\"https:\/\/schema.org\",\"@graph\":[{\"@type\":\"WebPage\",\"@id\":\"https:\/\/www.raybite.com\/services\/supervision\/\",\"url\":\"https:\/\/www.raybite.com\/services\/supervision\/\",\"name\":\"SUPERVISION - Raybite Ingenieria\",\"isPartOf\":{\"@id\":\"https:\/\/www.raybite.com\/#website\"},\"primaryImageOfPage\":{\"@id\":\"https:\/\/www.raybite.com\/services\/supervision\/#primaryimage\"},\"image\":{\"@id\":\"https:\/\/www.raybite.com\/services\/supervision\/#primaryimage\"},\"thumbnailUrl\":\"https:\/\/www.raybite.com\/wp-content\/uploads\/2024\/11\/downloadble-300x300.png\",\"datePublished\":\"2024-10-10T13:20:19+00:00\",\"dateModified\":\"2024-11-18T23:39:58+00:00\",\"breadcrumb\":{\"@id\":\"https:\/\/www.raybite.com\/services\/supervision\/#breadcrumb\"},\"inLanguage\":\"en-US\",\"potentialAction\":[{\"@type\":\"ReadAction\",\"target\":[\"https:\/\/www.raybite.com\/services\/supervision\/\"]}]},{\"@type\":\"ImageObject\",\"inLanguage\":\"en-US\",\"@id\":\"https:\/\/www.raybite.com\/services\/supervision\/#primaryimage\",\"url\":\"https:\/\/www.raybite.com\/wp-content\/uploads\/2024\/11\/downloadble-300x300.png\",\"contentUrl\":\"https:\/\/www.raybite.com\/wp-content\/uploads\/2024\/11\/downloadble-300x300.png\"},{\"@type\":\"BreadcrumbList\",\"@id\":\"https:\/\/www.raybite.com\/services\/supervision\/#breadcrumb\",\"itemListElement\":[{\"@type\":\"ListItem\",\"position\":1,\"name\":\"Home\",\"item\":\"https:\/\/www.raybite.com\/en\/\"},{\"@type\":\"ListItem\",\"position\":2,\"name\":\"Servicios\",\"item\":\"https:\/\/www.raybite.com\/en\/services\/\"},{\"@type\":\"ListItem\",\"position\":3,\"name\":\"SUPERVISION\"}]},{\"@type\":\"WebSite\",\"@id\":\"https:\/\/www.raybite.com\/#website\",\"url\":\"https:\/\/www.raybite.com\/\",\"name\":\"Raybite Ingenieria\",\"description\":\"Liderando con innovaci\u00f3n y experiencia\",\"potentialAction\":[{\"@type\":\"SearchAction\",\"target\":{\"@type\":\"EntryPoint\",\"urlTemplate\":\"https:\/\/www.raybite.com\/?s={search_term_string}\"},\"query-input\":{\"@type\":\"PropertyValueSpecification\",\"valueRequired\":true,\"valueName\":\"search_term_string\"}}],\"inLanguage\":\"en-US\"}]}<\/script>\n<!-- \/ Yoast SEO plugin. -->","yoast_head_json":{"title":"SUPERVISION - Raybite Ingenieria","robots":{"index":"index","follow":"follow","max-snippet":"max-snippet:-1","max-image-preview":"max-image-preview:large","max-video-preview":"max-video-preview:-1"},"canonical":"https:\/\/www.raybite.com\/en\/services\/supervision\/","og_locale":"en_US","og_type":"article","og_title":"SUPERVISION - Raybite Ingenieria","og_url":"https:\/\/www.raybite.com\/en\/services\/supervision\/","og_site_name":"Raybite Ingenieria","article_modified_time":"2024-11-18T23:39:58+00:00","og_image":[{"url":"https:\/\/www.raybite.com\/wp-content\/uploads\/2024\/11\/downloadble-300x300.png","type":"","width":"","height":""}],"twitter_card":"summary_large_image","twitter_misc":{"Est. reading time":"3 minutes"},"schema":{"@context":"https:\/\/schema.org","@graph":[{"@type":"WebPage","@id":"https:\/\/www.raybite.com\/services\/supervision\/","url":"https:\/\/www.raybite.com\/services\/supervision\/","name":"SUPERVISION - Raybite Ingenieria","isPartOf":{"@id":"https:\/\/www.raybite.com\/#website"},"primaryImageOfPage":{"@id":"https:\/\/www.raybite.com\/services\/supervision\/#primaryimage"},"image":{"@id":"https:\/\/www.raybite.com\/services\/supervision\/#primaryimage"},"thumbnailUrl":"https:\/\/www.raybite.com\/wp-content\/uploads\/2024\/11\/downloadble-300x300.png","datePublished":"2024-10-10T13:20:19+00:00","dateModified":"2024-11-18T23:39:58+00:00","breadcrumb":{"@id":"https:\/\/www.raybite.com\/services\/supervision\/#breadcrumb"},"inLanguage":"en-US","potentialAction":[{"@type":"ReadAction","target":["https:\/\/www.raybite.com\/services\/supervision\/"]}]},{"@type":"ImageObject","inLanguage":"en-US","@id":"https:\/\/www.raybite.com\/services\/supervision\/#primaryimage","url":"https:\/\/www.raybite.com\/wp-content\/uploads\/2024\/11\/downloadble-300x300.png","contentUrl":"https:\/\/www.raybite.com\/wp-content\/uploads\/2024\/11\/downloadble-300x300.png"},{"@type":"BreadcrumbList","@id":"https:\/\/www.raybite.com\/services\/supervision\/#breadcrumb","itemListElement":[{"@type":"ListItem","position":1,"name":"Home","item":"https:\/\/www.raybite.com\/en\/"},{"@type":"ListItem","position":2,"name":"Servicios","item":"https:\/\/www.raybite.com\/en\/services\/"},{"@type":"ListItem","position":3,"name":"SUPERVISION"}]},{"@type":"WebSite","@id":"https:\/\/www.raybite.com\/#website","url":"https:\/\/www.raybite.com\/","name":"Raybite Ingenieria","description":"Liderando con innovaci\u00f3n y experiencia","potentialAction":[{"@type":"SearchAction","target":{"@type":"EntryPoint","urlTemplate":"https:\/\/www.raybite.com\/?s={search_term_string}"},"query-input":{"@type":"PropertyValueSpecification","valueRequired":true,"valueName":"search_term_string"}}],"inLanguage":"en-US"}]}},"_links":{"self":[{"href":"https:\/\/www.raybite.com\/en\/wp-json\/wp\/v2\/pages\/75597","targetHints":{"allow":["GET"]}}],"collection":[{"href":"https:\/\/www.raybite.com\/en\/wp-json\/wp\/v2\/pages"}],"about":[{"href":"https:\/\/www.raybite.com\/en\/wp-json\/wp\/v2\/types\/page"}],"author":[{"embeddable":true,"href":"https:\/\/www.raybite.com\/en\/wp-json\/wp\/v2\/users\/1"}],"replies":[{"embeddable":true,"href":"https:\/\/www.raybite.com\/en\/wp-json\/wp\/v2\/comments?post=75597"}],"version-history":[{"count":11,"href":"https:\/\/www.raybite.com\/en\/wp-json\/wp\/v2\/pages\/75597\/revisions"}],"predecessor-version":[{"id":75875,"href":"https:\/\/www.raybite.com\/en\/wp-json\/wp\/v2\/pages\/75597\/revisions\/75875"}],"up":[{"embeddable":true,"href":"https:\/\/www.raybite.com\/en\/wp-json\/wp\/v2\/pages\/59"}],"wp:attachment":[{"href":"https:\/\/www.raybite.com\/en\/wp-json\/wp\/v2\/media?parent=75597"}],"curies":[{"name":"wp","href":"https:\/\/api.w.org\/{rel}","templated":true}]}}