{"id":61,"date":"2015-03-02T04:38:49","date_gmt":"2015-03-01T21:38:49","guid":{"rendered":"https:\/\/structure.thememove.com\/?page_id=61"},"modified":"2025-06-28T18:14:41","modified_gmt":"2025-06-28T21:14:41","slug":"company","status":"publish","type":"page","link":"https:\/\/www.raybite.com\/en\/company\/","title":{"rendered":"About Us"},"content":{"rendered":"<div class=\"wpb-content-wrapper\"><div  class=\"vc_row wpb_row  vc_custom_1433564201242\" style=\"\"><div class=\"boxed\"><div class=\"container\"><div class=\"vc_row\"><div class=\"wpb_column vc_column_container col-sm-12 vc_col-sm-12 col-lg-12 vc_col-lg-12\"><div class=\"vc_column-inner\"><div class=\"wpb_wrapper\"><div class=\"vc_row wpb_row vc_inner vc_custom_1433561568541\"><div class=\"wpb_column vc_column_container col-sm-12 vc_col-sm-12 col-lg-12 vc_col-lg-12\"><div class=\"vc_column-inner\"><div class=\"wpb_wrapper\"><\/div><\/div><\/div><\/div><div class=\"vc_custom_heading heading-title-3\" ><h2 style=\"font-size: 20px;color: #111111;text-align: left\" >About Us<\/h2><\/div>\n\t<div class=\"wpb_text_column wpb_content_element\" >\n\t\t<div class=\"wpb_wrapper\">\n\t\t\t<p>We are an engineering, project management, and site supervision company with over twenty years of participation and presence in the national and international industrial market, primarily in the oil, gas, chemical, pharmaceutical, petrochemical, steel, and manufacturing sectors.<\/p>\n\n\t\t<\/div>\n\t<\/div>\n<div class=\"vc_custom_heading heading-title-3 vc_custom_1729025108309\" ><h2 style=\"font-size: 20px;color: #111111;text-align: left\" >Our Mission<\/h2><\/div><div class=\"vc_row wpb_row vc_inner align-center certifications-block\"><div class=\"wpb_column vc_column_container col-sm-4 vc_col-sm-4 col-lg-4 vc_col-lg-4\"><div class=\"vc_column-inner\"><div class=\"wpb_wrapper\">\n\t<div class=\"wpb_text_column wpb_content_element\" >\n\t\t<div class=\"wpb_wrapper\">\n\t\t\t<h4>SOLUTIONS<\/h4>\n<p>We provide innovative strategies to solve complex problems in critical industrial sectors.<\/p>\n\n\t\t<\/div>\n\t<\/div>\n<\/div><\/div><\/div><div class=\"wpb_column vc_column_container col-sm-4 vc_col-sm-4 col-lg-4 vc_col-lg-4\"><div class=\"vc_column-inner\"><div class=\"wpb_wrapper\">\n\t<div class=\"wpb_text_column wpb_content_element\" >\n\t\t<div class=\"wpb_wrapper\">\n\t\t\t<h4>COMPETITIVENESS<\/h4>\n<p>We help our clients achieve sustainable competitive advantages through effective project management and specialized supervision.<\/p>\n\n\t\t<\/div>\n\t<\/div>\n<\/div><\/div><\/div><div class=\"wpb_column vc_column_container col-sm-4 vc_col-sm-4 col-lg-4 vc_col-lg-4\"><div class=\"vc_column-inner\"><div class=\"wpb_wrapper\">\n\t<div class=\"wpb_text_column wpb_content_element\" >\n\t\t<div class=\"wpb_wrapper\">\n\t\t\t<h4>GROWTH<\/h4>\n<p>We drive business growth with engineering services tailored to the global and dynamic needs of the market.<\/p>\n\n\t\t<\/div>\n\t<\/div>\n<\/div><\/div><\/div><\/div><\/div><\/div><\/div><\/div><\/div><\/div><\/div><div  class=\"vc_row wpb_row  intro4 align-center min-box vc_custom_1729024760748\" style=\"\"><div class=\"boxed\"><div class=\"container\"><div class=\"vc_row\"><div class=\"wpb_column vc_column_container col-sm-8 vc_col-sm-8 col-lg-8 vc_col-lg-8\"><div class=\"vc_column-inner\"><div class=\"wpb_wrapper\"><div class=\"vc_custom_heading\" ><h3 style=\"font-size: 22px;color: #ffffff;text-align: center\" >Questions or Inquiries, feel free to contact us<\/h3><\/div><\/div><\/div><\/div><div class=\"wpb_column vc_column_container col-sm-4 vc_col-sm-4 col-lg-4 vc_col-lg-4\"><div class=\"vc_column-inner\"><div class=\"wpb_wrapper\"><div class=\"vc_btn3-container vc_btn3-inline vc_do_btn\" ><a class=\"vc_general vc_btn3 vc_btn3-size-md vc_btn3-shape-square vc_btn3-style-outline vc_btn3-color-white\" href=\"https:\/\/www.raybite.com\/en\/contacto\/\" title=\"Contact\">CONTACT<\/a><\/div><\/div><\/div><\/div><\/div><\/div><\/div><\/div><div  class=\"vc_row wpb_row\" style=\"\"><div class=\"boxed\"><div class=\"container\"><div class=\"vc_row\"><div class=\"wpb_column vc_column_container col-sm-12 vc_col-sm-12 col-lg-12 vc_col-lg-12\"><div class=\"vc_column-inner\"><div class=\"wpb_wrapper\"><div class=\"vc_empty_space\"   style=\"height: 70px\"><span class=\"vc_empty_space_inner\"><\/span><\/div><\/div><\/div><\/div><\/div><\/div><\/div><\/div>\n<\/div>","protected":false},"excerpt":{"rendered":"Sobre Nostros Somos una empresa de ingenier\u00eda, gerenciamiento de proyectos y supervisi\u00f3n de obras con m\u00e1s de veinte a\u00f1os de participaci\u00f3n y permanencia en el mercado industrial nacional e internacional, principalmente en el \u00e1rea de petr\u00f3leo, gas, qu\u00edmica, farmac\u00e9utica, petroqu\u00edmica, siderurgia y manufactureras. Nuestra Misi\u00f3n SOLUCIONES Proveemos estrategias innovadoras para resolver problemas complejos en sectores [...]","protected":false},"author":1,"featured_media":0,"parent":0,"menu_order":0,"comment_status":"closed","ping_status":"closed","template":"","meta":{"footnotes":""},"class_list":["post-61","page","type-page","status-publish","hentry"],"yoast_head":"<!-- This site is optimized with the Yoast SEO plugin v25.3.1 - https:\/\/yoast.com\/wordpress\/plugins\/seo\/ -->\n<title>Nosotros - Raybite Ingenieria<\/title>\n<meta name=\"description\" content=\"En Raybite ofrecemos ingenier\u00eda, gerenciamiento y supervisi\u00f3n de obras para sectores industriales cr\u00edticos. M\u00e1s de 20 a\u00f1os de experiencia global.\" \/>\n<meta name=\"robots\" content=\"index, follow, max-snippet:-1, max-image-preview:large, max-video-preview:-1\" \/>\n<link rel=\"canonical\" href=\"https:\/\/www.raybite.com\/en\/company\/\" \/>\n<meta property=\"og:locale\" content=\"en_US\" \/>\n<meta property=\"og:type\" content=\"article\" \/>\n<meta property=\"og:title\" content=\"Nosotros - Raybite Ingenieria\" \/>\n<meta property=\"og:description\" content=\"En Raybite ofrecemos ingenier\u00eda, gerenciamiento y supervisi\u00f3n de obras para sectores industriales cr\u00edticos. M\u00e1s de 20 a\u00f1os de experiencia global.\" \/>\n<meta property=\"og:url\" content=\"https:\/\/www.raybite.com\/en\/company\/\" \/>\n<meta property=\"og:site_name\" content=\"Raybite Ingenieria\" \/>\n<meta property=\"article:modified_time\" content=\"2025-06-28T21:14:41+00:00\" \/>\n<meta name=\"twitter:card\" content=\"summary_large_image\" \/>\n<meta name=\"twitter:label1\" content=\"Est. reading time\" \/>\n\t<meta name=\"twitter:data1\" content=\"1 minute\" \/>\n<script type=\"application\/ld+json\" class=\"yoast-schema-graph\">{\"@context\":\"https:\/\/schema.org\",\"@graph\":[{\"@type\":\"WebPage\",\"@id\":\"https:\/\/www.raybite.com\/en\/company\/\",\"url\":\"https:\/\/www.raybite.com\/en\/company\/\",\"name\":\"Nosotros - Raybite Ingenieria\",\"isPartOf\":{\"@id\":\"https:\/\/www.raybite.com\/#website\"},\"datePublished\":\"2015-03-01T21:38:49+00:00\",\"dateModified\":\"2025-06-28T21:14:41+00:00\",\"description\":\"En Raybite ofrecemos ingenier\u00eda, gerenciamiento y supervisi\u00f3n de obras para sectores industriales cr\u00edticos. M\u00e1s de 20 a\u00f1os de experiencia global.\",\"breadcrumb\":{\"@id\":\"https:\/\/www.raybite.com\/en\/company\/#breadcrumb\"},\"inLanguage\":\"en-US\",\"potentialAction\":[{\"@type\":\"ReadAction\",\"target\":[\"https:\/\/www.raybite.com\/en\/company\/\"]}]},{\"@type\":\"BreadcrumbList\",\"@id\":\"https:\/\/www.raybite.com\/en\/company\/#breadcrumb\",\"itemListElement\":[{\"@type\":\"ListItem\",\"position\":1,\"name\":\"Home\",\"item\":\"https:\/\/www.raybite.com\/en\/\"},{\"@type\":\"ListItem\",\"position\":2,\"name\":\"Nosotros\"}]},{\"@type\":\"WebSite\",\"@id\":\"https:\/\/www.raybite.com\/#website\",\"url\":\"https:\/\/www.raybite.com\/\",\"name\":\"Raybite Ingenieria\",\"description\":\"Liderando con innovaci\u00f3n y experiencia\",\"potentialAction\":[{\"@type\":\"SearchAction\",\"target\":{\"@type\":\"EntryPoint\",\"urlTemplate\":\"https:\/\/www.raybite.com\/?s={search_term_string}\"},\"query-input\":{\"@type\":\"PropertyValueSpecification\",\"valueRequired\":true,\"valueName\":\"search_term_string\"}}],\"inLanguage\":\"en-US\"}]}<\/script>\n<!-- \/ Yoast SEO plugin. -->","yoast_head_json":{"title":"Nosotros - Raybite Ingenieria","description":"En Raybite ofrecemos ingenier\u00eda, gerenciamiento y supervisi\u00f3n de obras para sectores industriales cr\u00edticos. M\u00e1s de 20 a\u00f1os de experiencia global.","robots":{"index":"index","follow":"follow","max-snippet":"max-snippet:-1","max-image-preview":"max-image-preview:large","max-video-preview":"max-video-preview:-1"},"canonical":"https:\/\/www.raybite.com\/en\/company\/","og_locale":"en_US","og_type":"article","og_title":"Nosotros - Raybite Ingenieria","og_description":"En Raybite ofrecemos ingenier\u00eda, gerenciamiento y supervisi\u00f3n de obras para sectores industriales cr\u00edticos. M\u00e1s de 20 a\u00f1os de experiencia global.","og_url":"https:\/\/www.raybite.com\/en\/company\/","og_site_name":"Raybite Ingenieria","article_modified_time":"2025-06-28T21:14:41+00:00","twitter_card":"summary_large_image","twitter_misc":{"Est. reading time":"1 minute"},"schema":{"@context":"https:\/\/schema.org","@graph":[{"@type":"WebPage","@id":"https:\/\/www.raybite.com\/en\/company\/","url":"https:\/\/www.raybite.com\/en\/company\/","name":"Nosotros - Raybite Ingenieria","isPartOf":{"@id":"https:\/\/www.raybite.com\/#website"},"datePublished":"2015-03-01T21:38:49+00:00","dateModified":"2025-06-28T21:14:41+00:00","description":"En Raybite ofrecemos ingenier\u00eda, gerenciamiento y supervisi\u00f3n de obras para sectores industriales cr\u00edticos. M\u00e1s de 20 a\u00f1os de experiencia global.","breadcrumb":{"@id":"https:\/\/www.raybite.com\/en\/company\/#breadcrumb"},"inLanguage":"en-US","potentialAction":[{"@type":"ReadAction","target":["https:\/\/www.raybite.com\/en\/company\/"]}]},{"@type":"BreadcrumbList","@id":"https:\/\/www.raybite.com\/en\/company\/#breadcrumb","itemListElement":[{"@type":"ListItem","position":1,"name":"Home","item":"https:\/\/www.raybite.com\/en\/"},{"@type":"ListItem","position":2,"name":"Nosotros"}]},{"@type":"WebSite","@id":"https:\/\/www.raybite.com\/#website","url":"https:\/\/www.raybite.com\/","name":"Raybite Ingenieria","description":"Liderando con innovaci\u00f3n y experiencia","potentialAction":[{"@type":"SearchAction","target":{"@type":"EntryPoint","urlTemplate":"https:\/\/www.raybite.com\/?s={search_term_string}"},"query-input":{"@type":"PropertyValueSpecification","valueRequired":true,"valueName":"search_term_string"}}],"inLanguage":"en-US"}]}},"_links":{"self":[{"href":"https:\/\/www.raybite.com\/en\/wp-json\/wp\/v2\/pages\/61","targetHints":{"allow":["GET"]}}],"collection":[{"href":"https:\/\/www.raybite.com\/en\/wp-json\/wp\/v2\/pages"}],"about":[{"href":"https:\/\/www.raybite.com\/en\/wp-json\/wp\/v2\/types\/page"}],"author":[{"embeddable":true,"href":"https:\/\/www.raybite.com\/en\/wp-json\/wp\/v2\/users\/1"}],"replies":[{"embeddable":true,"href":"https:\/\/www.raybite.com\/en\/wp-json\/wp\/v2\/comments?post=61"}],"version-history":[{"count":12,"href":"https:\/\/www.raybite.com\/en\/wp-json\/wp\/v2\/pages\/61\/revisions"}],"predecessor-version":[{"id":75957,"href":"https:\/\/www.raybite.com\/en\/wp-json\/wp\/v2\/pages\/61\/revisions\/75957"}],"wp:attachment":[{"href":"https:\/\/www.raybite.com\/en\/wp-json\/wp\/v2\/media?parent=61"}],"curies":[{"name":"wp","href":"https:\/\/api.w.org\/{rel}","templated":true}]}}