{"id":340,"date":"2015-03-10T02:45:33","date_gmt":"2015-03-10T02:45:33","guid":{"rendered":"https:\/\/structure.thememove.com\/?page_id=340"},"modified":"2025-06-30T08:57:31","modified_gmt":"2025-06-30T11:57:31","slug":"tecnologia","status":"publish","type":"page","link":"https:\/\/www.raybite.com\/en\/tecnologia\/","title":{"rendered":"TECHNOLOGY"},"content":{"rendered":"<div class=\"wpb-content-wrapper\"><div data-stellar-background-ratio=\"\" data-stellar-horizontal-offset=\"0\" class=\"vc_row wpb_row  big-quote-2 vc_custom_1729108663982 full-width parallax\" style=\"\"><div class=\"vc_row\"><div class=\"container\"><div class=\"vc_row\"><div class=\"wpb_column vc_column_container col-sm-12 vc_col-sm-12 col-lg-12 vc_col-lg-12\"><div class=\"vc_column-inner\"><div class=\"wpb_wrapper\">\n\t<div class=\"wpb_text_column wpb_content_element\" >\n\t\t<div class=\"wpb_wrapper\">\n\t\t\t<p style=\"text-align: right;\">Technology transforms ideas into realities, and at Raybite, we use it to build the future, one project at a time.<\/p>\n\n\t\t<\/div>\n\t<\/div>\n<\/div><\/div><\/div><\/div><\/div><\/div><\/div><div  class=\"vc_row wpb_row  vc_custom_1433558708166\" style=\"\"><div class=\"boxed\"><div class=\"container\"><div class=\"vc_row\"><div class=\"wpb_column vc_column_container col-sm-12 vc_col-sm-12 col-lg-12 vc_col-lg-12\"><div class=\"vc_column-inner\"><div class=\"wpb_wrapper\"><div class=\"wpb_images_carousel wpb_content_element vc_clearfix wpb_content_element images-carousel-2\"><div class=\"wpb_wrapper\"><div id=\"vc_images-carousel-1-1776511810\" data-ride=\"vc_carousel\" data-wrap=\"false\" style=\"width: 870px;\" data-interval=\"0\" data-auto-height=\"yes\" data-mode=\"horizontal\" data-partial=\"false\" data-per-view=\"1\" data-hide-on-end=\"true\" class=\"vc_slide vc_images_carousel\"><ol class=\"vc_carousel-indicators\"><li data-target=\"#vc_images-carousel-1-1776511810\" data-slide-to=\"0\"><\/li><li data-target=\"#vc_images-carousel-1-1776511810\" data-slide-to=\"1\"><\/li><li data-target=\"#vc_images-carousel-1-1776511810\" data-slide-to=\"2\"><\/li><li data-target=\"#vc_images-carousel-1-1776511810\" data-slide-to=\"3\"><\/li><li data-target=\"#vc_images-carousel-1-1776511810\" data-slide-to=\"4\"><\/li><li data-target=\"#vc_images-carousel-1-1776511810\" data-slide-to=\"5\"><\/li><li data-target=\"#vc_images-carousel-1-1776511810\" data-slide-to=\"6\"><\/li><li data-target=\"#vc_images-carousel-1-1776511810\" data-slide-to=\"7\"><\/li><li data-target=\"#vc_images-carousel-1-1776511810\" data-slide-to=\"8\"><\/li><li data-target=\"#vc_images-carousel-1-1776511810\" data-slide-to=\"9\"><\/li><\/ol><div class=\"vc_carousel-inner\"><div class=\"vc_carousel-slideline\"><div class=\"vc_carousel-slideline-inner\"><div class=\"vc_item\"><div class=\"vc_inner\"><a class=\"\" href=\"https:\/\/www.raybite.com\/wp-content\/uploads\/2024\/11\/RFP-2472-IMG-003-1-1024x685.jpg\" data-lightbox=\"lightbox[rel-340-2567106362]\"><img decoding=\"async\" class=\"\" src=\"https:\/\/www.raybite.com\/wp-content\/uploads\/2024\/11\/RFP-2472-IMG-003-1-870x460.jpg\" width=\"870\" height=\"460\" alt=\"RFP-2472-IMG-003\" title=\"RFP-2472-IMG-003\" loading=\"lazy\" \/><\/a><\/div><\/div><div class=\"vc_item\"><div class=\"vc_inner\"><a class=\"\" href=\"https:\/\/www.raybite.com\/wp-content\/uploads\/2024\/11\/0004-scaled-1024x768.jpg\" data-lightbox=\"lightbox[rel-340-2567106362]\"><img decoding=\"async\" class=\"\" src=\"https:\/\/www.raybite.com\/wp-content\/uploads\/2024\/11\/0004-scaled-870x460.jpg\" width=\"870\" height=\"460\" alt=\"0004\" title=\"0004\" loading=\"lazy\" \/><\/a><\/div><\/div><div class=\"vc_item\"><div class=\"vc_inner\"><a class=\"\" href=\"https:\/\/www.raybite.com\/wp-content\/uploads\/2024\/11\/MQ-02.jpg\" data-lightbox=\"lightbox[rel-340-2567106362]\"><img decoding=\"async\" class=\"\" src=\"https:\/\/www.raybite.com\/wp-content\/uploads\/2024\/11\/MQ-02-870x460.jpg\" width=\"870\" height=\"460\" alt=\"MQ-02\" title=\"MQ-02\" loading=\"lazy\" \/><\/a><\/div><\/div><div class=\"vc_item\"><div class=\"vc_inner\"><a class=\"\" href=\"https:\/\/www.raybite.com\/wp-content\/uploads\/2024\/11\/IMG-001-1-1024x530.jpg\" data-lightbox=\"lightbox[rel-340-2567106362]\"><img decoding=\"async\" class=\"\" src=\"https:\/\/www.raybite.com\/wp-content\/uploads\/2024\/11\/IMG-001-1-870x460.jpg\" width=\"870\" height=\"460\" alt=\"IMG-001\" title=\"IMG-001\" loading=\"lazy\" \/><\/a><\/div><\/div><div class=\"vc_item\"><div class=\"vc_inner\"><a class=\"\" href=\"https:\/\/www.raybite.com\/wp-content\/uploads\/2015\/06\/REF-2389-GMQ-07-1024x465.jpg\" data-lightbox=\"lightbox[rel-340-2567106362]\"><img decoding=\"async\" class=\"\" src=\"https:\/\/www.raybite.com\/wp-content\/uploads\/2015\/06\/REF-2389-GMQ-07-870x460.jpg\" width=\"870\" height=\"460\" alt=\"REF-2389-GMQ-07\" title=\"REF-2389-GMQ-07\" loading=\"lazy\" \/><\/a><\/div><\/div><div class=\"vc_item\"><div class=\"vc_inner\"><a class=\"\" href=\"https:\/\/www.raybite.com\/wp-content\/uploads\/2024\/11\/02-maqueta-09-02-10-1024x580.jpg\" data-lightbox=\"lightbox[rel-340-2567106362]\"><img decoding=\"async\" class=\"\" src=\"https:\/\/www.raybite.com\/wp-content\/uploads\/2024\/11\/02-maqueta-09-02-10-870x460.jpg\" width=\"870\" height=\"460\" alt=\"02-maqueta-09-02-10\" title=\"02-maqueta-09-02-10\" loading=\"lazy\" \/><\/a><\/div><\/div><div class=\"vc_item\"><div class=\"vc_inner\"><a class=\"\" href=\"https:\/\/www.raybite.com\/wp-content\/uploads\/2015\/06\/REF-2389-GMQ-011-1024x537.jpg\" data-lightbox=\"lightbox[rel-340-2567106362]\"><img decoding=\"async\" class=\"\" src=\"https:\/\/www.raybite.com\/wp-content\/uploads\/2015\/06\/REF-2389-GMQ-011-870x460.jpg\" width=\"870\" height=\"460\" alt=\"REF-2389-GMQ-01[1]\" title=\"REF-2389-GMQ-01[1]\" loading=\"lazy\" \/><\/a><\/div><\/div><div class=\"vc_item\"><div class=\"vc_inner\"><a class=\"\" href=\"https:\/\/www.raybite.com\/wp-content\/uploads\/2024\/11\/foto3_-1024x553.png\" data-lightbox=\"lightbox[rel-340-2567106362]\"><img decoding=\"async\" class=\"\" src=\"https:\/\/www.raybite.com\/wp-content\/uploads\/2024\/11\/foto3_-870x460.png\" width=\"870\" height=\"460\" alt=\"foto3_\" title=\"foto3_\" loading=\"lazy\" \/><\/a><\/div><\/div><div class=\"vc_item\"><div class=\"vc_inner\"><a class=\"\" href=\"https:\/\/www.raybite.com\/wp-content\/uploads\/2024\/11\/scanner-laser-3d-Faro-solsi-cad-1024x683.jpg\" data-lightbox=\"lightbox[rel-340-2567106362]\"><img decoding=\"async\" class=\"\" src=\"https:\/\/www.raybite.com\/wp-content\/uploads\/2024\/11\/scanner-laser-3d-Faro-solsi-cad-870x460.jpg\" width=\"870\" height=\"460\" alt=\"scanner-laser-3d-Faro-solsi-cad\" title=\"scanner-laser-3d-Faro-solsi-cad\" loading=\"lazy\" \/><\/a><\/div><\/div><div class=\"vc_item\"><div class=\"vc_inner\"><a class=\"\" href=\"https:\/\/www.raybite.com\/wp-content\/uploads\/2024\/11\/Faro-Scanner-11-1024x576.jpg\" data-lightbox=\"lightbox[rel-340-2567106362]\"><img decoding=\"async\" class=\"\" src=\"https:\/\/www.raybite.com\/wp-content\/uploads\/2024\/11\/Faro-Scanner-11-870x460.jpg\" width=\"870\" height=\"460\" alt=\"Faro-Scanner-11\" title=\"Faro-Scanner-11\" loading=\"lazy\" \/><\/a><\/div><\/div><\/div><\/div><\/div><a class=\"vc_left vc_carousel-control\" href=\"#vc_images-carousel-1-1776511810\" data-slide=\"prev\"><span class=\"icon-prev\"><\/span><\/a><a class=\"vc_right vc_carousel-control\" href=\"#vc_images-carousel-1-1776511810\" data-slide=\"next\"><span class=\"icon-next\"><\/span><\/a><\/div><\/div><\/div><\/div><\/div><\/div><\/div><\/div><\/div><\/div><div  class=\"vc_row wpb_row  vc_custom_1433128672748\" style=\"\"><div class=\"boxed\"><div class=\"container\"><div class=\"vc_row\"><div class=\"wpb_column vc_column_container col-sm-12 vc_col-sm-12 col-lg-12 vc_col-lg-12\"><div class=\"vc_column-inner\"><div class=\"wpb_wrapper\"><div class=\"vc_custom_heading heading-title-3\" ><h2 style=\"font-size: 20px;text-align: left\" >our technology<\/h2><\/div>\n\t<div class=\"wpb_text_column wpb_content_element\" >\n\t\t<div class=\"wpb_wrapper\">\n\t\t\t<p><span style=\"font-weight: 400;\">At Raybite, we have cutting-edge tools and software that streamline every task, allowing us to design, plan, and diagram projects with precision and efficiency. As pioneers in the use of <\/span><a href=\"https:\/\/www.raybite.com\/en\/consulting\/scanner\/\"><b>Faro scanner technology<\/b><\/a><span style=\"font-weight: 400;\">, we combine innovation and experience to ensure quality and attention to detail in every project we are involved in.<\/span><\/p>\n\n\t\t<\/div>\n\t<\/div>\n<\/div><\/div><\/div><\/div><\/div><\/div><\/div><div  class=\"vc_row wpb_row  vc_custom_1433128678982\" style=\"\"><div class=\"boxed\"><div class=\"container\"><div class=\"vc_row\"><div class=\"wpb_column vc_column_container col-sm-6 vc_col-sm-6 col-lg-6 vc_col-lg-6\"><div class=\"vc_column-inner\"><div class=\"wpb_wrapper\"><div class=\"vc_custom_heading heading-title-3\" ><h2 style=\"font-size: 20px;text-align: left\" >DOWNLOADS<\/h2><\/div>\n\t<div class=\"wpb_text_column wpb_content_element\" >\n\t\t<div class=\"wpb_wrapper\">\n\t\t\t<p><img loading=\"lazy\" decoding=\"async\" class=\"alignnone size-medium wp-image-75714\" src=\"https:\/\/www.raybite.com\/wp-content\/uploads\/2024\/11\/downloadble-300x300.png\" alt=\"\" width=\"300\" height=\"300\" srcset=\"https:\/\/www.raybite.com\/wp-content\/uploads\/2024\/11\/downloadble-300x300.png 300w, https:\/\/www.raybite.com\/wp-content\/uploads\/2024\/11\/downloadble-1024x1024.png 1024w, https:\/\/www.raybite.com\/wp-content\/uploads\/2024\/11\/downloadble-150x150.png 150w, https:\/\/www.raybite.com\/wp-content\/uploads\/2024\/11\/downloadble-768x768.png 768w, https:\/\/www.raybite.com\/wp-content\/uploads\/2024\/11\/downloadble-12x12.png 12w, https:\/\/www.raybite.com\/wp-content\/uploads\/2024\/11\/downloadble-100x100.png 100w, https:\/\/www.raybite.com\/wp-content\/uploads\/2024\/11\/downloadble-600x600.png 600w, https:\/\/www.raybite.com\/wp-content\/uploads\/2024\/11\/downloadble.png 1120w\" sizes=\"auto, (max-width: 300px) 100vw, 300px\" \/><\/p>\n\n\t\t<\/div>\n\t<\/div>\n<div class=\"vc_btn3-container  download-btn vc_btn3-inline vc_do_btn\" ><a class=\"vc_general vc_btn3 vc_btn3-size-md vc_btn3-shape-square vc_btn3-style-modern vc_btn3-icon-left vc_btn3-color-grey\" href=\"https:\/\/www.raybite.com\/wp-content\/uploads\/2024\/11\/Raybite_brochure_2020.pdf\" title=\"\"><i class=\"vc_btn3-icon fas fa-download\"><\/i> Brochure .PDF<\/a><\/div>\n\t<div class=\"wpb_text_column wpb_content_element\" >\n\t\t<div class=\"wpb_wrapper\">\n\t\t\t<p>Trust and Integrity with Our Clients<\/p>\n\n\t\t<\/div>\n\t<\/div>\n<\/div><\/div><\/div><div class=\"wpb_column vc_column_container col-sm-6 vc_col-sm-6 col-lg-6 vc_col-lg-6\"><div class=\"vc_column-inner\"><div class=\"wpb_wrapper\"><div class=\"vc_custom_heading heading-title-3\" ><h2 style=\"font-size: 20px;text-align: left\" >Some of Our Tools<\/h2><\/div>\n\t<div class=\"wpb_text_column wpb_content_element\" >\n\t\t<div class=\"wpb_wrapper\">\n\t\t\t<p><span style=\"font-weight: 400;\">At Raybite, we rely on a selection of industry-leading tools to ensure maximum precision and efficiency in every project. Among them, the following stand out:<br \/>\n<\/span><\/p>\n\n\t\t<\/div>\n\t<\/div>\n<div class=\"vc_empty_space\"   style=\"height: 20px\"><span class=\"vc_empty_space_inner\"><\/span><\/div>\n\t<div class=\"wpb_text_column wpb_content_element\" >\n\t\t<div class=\"wpb_wrapper\">\n\t\t\t<ul>\n<li><b>Autodesk<\/b><span style=\"font-weight: 400;\"> (AutoCAD, Navisworks, ReCap, Inventor, 3DStudio)<\/span><\/li>\n<li><b>Design 2D-3D<\/b><\/li>\n<li><b>Caode CAESAR II<\/b><span style=\"font-weight: 400;\"> (Piping Stress Analysis)<\/span><\/li>\n<li><b>CADWorx Plant<\/b><span style=\"font-weight: 400;\"> (Piping Design)<\/span><\/li>\n<li><b>NISA II<\/b><span style=\"font-weight: 400;\"> (Finite Element Modeling)<\/span><\/li>\n<li><b>SCENE 5.2<\/b><span style=\"font-weight: 400;\"> (3D Point Cloud Processing)<\/span><\/li>\n<li><b>Kubix PointSense Plant<\/b><span style=\"font-weight: 400;\"> (Piping Modeling from Point Clouds)<\/span><\/li>\n<li><b>Gexcel JRC 3D Reconstructor<\/b><span style=\"font-weight: 400;\"> (3D Modeling for Point Clouds)<\/span><\/li>\n<\/ul>\n\n\t\t<\/div>\n\t<\/div>\n<\/div><\/div><\/div><\/div><\/div><\/div><\/div><div  class=\"vc_row wpb_row  vc_custom_1433128685824\" style=\"\"><div class=\"boxed\"><div class=\"container\"><div class=\"vc_row\"><div class=\"wpb_column vc_column_container col-sm-12 vc_col-sm-12 col-lg-12 vc_col-lg-12\"><div class=\"vc_column-inner\"><div class=\"wpb_wrapper\"><div class=\"vc_custom_heading heading-title-3\" ><h2 style=\"font-size: 20px;text-align: left\" >Details of Some of Our Tools<\/h2><\/div>\n\t<div class=\"wpb_accordion wpb_content_element  not-column-inherit\" data-collapsible=\"\" data-vc-disable-keydown=\"false\" data-active-tab=\"1\">\n\t\t<div class=\"wpb_wrapper wpb_accordion_wrapper ui-accordion\">\n\n\n\t<div class=\"wpb_accordion_section group\">\n\t\t<h3 class=\"wpb_accordion_header ui-accordion-header\"><a href=\"#autodesk-autocad-navisworks-recap-inventor-3dstudio-diseno-2d-3d\">Autodesk (AutoCAD, Navisworks, ReCap, Inventor, 3DStudio) - Dise\u00f1o 2D-3D<\/a><\/h3>\n\t\t<div class=\"wpb_accordion_content ui-accordion-content vc_clearfix\">\n\t\t\t\n\t<div class=\"wpb_text_column wpb_content_element\" >\n\t\t<div class=\"wpb_wrapper\">\n\t\t\t<p>Essential for 2D and 3D design in industrial projects, allowing everything from the precise creation of plans to the simulation and detailed visualization of complex installations, optimizing the planning and execution process.<\/p>\n\n\t\t<\/div>\n\t<\/div>\n\n\t\t<\/div>\n\t<\/div>\n\n\t<div class=\"wpb_accordion_section group\">\n\t\t<h3 class=\"wpb_accordion_header ui-accordion-header\"><a href=\"#coade-caesar-ii\">Coade CAESAR II<\/a><\/h3>\n\t\t<div class=\"wpb_accordion_content ui-accordion-content vc_clearfix\">\n\t\t\t\n\t<div class=\"wpb_text_column wpb_content_element\" >\n\t\t<div class=\"wpb_wrapper\">\n\t\t\t<p>A leading tool for stress analysis in piping systems, ensuring structural integrity against thermal, mechanical, and dynamic loads.<\/p>\n\n\t\t<\/div>\n\t<\/div>\n\n\t\t<\/div>\n\t<\/div>\n\n\t<div class=\"wpb_accordion_section group\">\n\t\t<h3 class=\"wpb_accordion_header ui-accordion-header\"><a href=\"#cadworx-plant\">CADWorx Plant<\/a><\/h3>\n\t\t<div class=\"wpb_accordion_content ui-accordion-content vc_clearfix\">\n\t\t\t\n\t<div class=\"wpb_text_column wpb_content_element\" >\n\t\t<div class=\"wpb_wrapper\">\n\t\t\t<p>An integrated software for piping design, enabling the creation of precise and detailed models of industrial plants with efficiency and flexibility.<\/p>\n\n\t\t<\/div>\n\t<\/div>\n\n\t\t<\/div>\n\t<\/div>\n\n\t<div class=\"wpb_accordion_section group\">\n\t\t<h3 class=\"wpb_accordion_header ui-accordion-header\"><a href=\"#nisa-ii\">NISA II<\/a><\/h3>\n\t\t<div class=\"wpb_accordion_content ui-accordion-content vc_clearfix\">\n\t\t\t\n\t<div class=\"wpb_text_column wpb_content_element\" >\n\t\t<div class=\"wpb_wrapper\">\n\t\t\t<p>It uses finite element modeling to perform advanced analysis of complex structures, ensuring a safe and optimized design.<\/p>\n\n\t\t<\/div>\n\t<\/div>\n\n\t\t<\/div>\n\t<\/div>\n\n\t<div class=\"wpb_accordion_section group\">\n\t\t<h3 class=\"wpb_accordion_header ui-accordion-header\"><a href=\"#scene-5-2\">SCENE 5.2<\/a><\/h3>\n\t\t<div class=\"wpb_accordion_content ui-accordion-content vc_clearfix\">\n\t\t\t\n\t<div class=\"wpb_text_column wpb_content_element\" >\n\t\t<div class=\"wpb_wrapper\">\n\t\t\t<p>Specialized software for processing and recording 3D point clouds, ideal for creating accurate representations of scanned environments.<\/p>\n\n\t\t<\/div>\n\t<\/div>\n\n\t\t<\/div>\n\t<\/div>\n\n\t<div class=\"wpb_accordion_section group\">\n\t\t<h3 class=\"wpb_accordion_header ui-accordion-header\"><a href=\"#gexcel-jrc-3d-reconstructo\">Gexcel JRC 3D Reconstructo<\/a><\/h3>\n\t\t<div class=\"wpb_accordion_content ui-accordion-content vc_clearfix\">\n\t\t\t\n\t<div class=\"wpb_text_column wpb_content_element\" >\n\t\t<div class=\"wpb_wrapper\">\n\t\t\t<p>A robust tool for 3D modeling from point clouds, optimizing the analysis and visualization of captured data.<\/p>\n\n\t\t<\/div>\n\t<\/div>\n\n\t\t<\/div>\n\t<\/div>\n\n\t<div class=\"wpb_accordion_section group\">\n\t\t<h3 class=\"wpb_accordion_header ui-accordion-header\"><a href=\"#sap-2000\">SAP 2000<\/a><\/h3>\n\t\t<div class=\"wpb_accordion_content ui-accordion-content vc_clearfix\">\n\t\t\t\n\t<div class=\"wpb_text_column wpb_content_element\" >\n\t\t<div class=\"wpb_wrapper\">\n\t\t\t<p>Powerful software for structural calculation and analysis, used to ensure the stability and strength of buildings and complex infrastructures.<\/p>\n\n\t\t<\/div>\n\t<\/div>\n\n\t\t<\/div>\n\t<\/div>\n\n\t\t<\/div>\n\t<\/div>\n<\/div><\/div><\/div><\/div><\/div><\/div><\/div>\n<\/div>","protected":false},"excerpt":{"rendered":"La tecnolog\u00eda transforma ideas en realidades, y en Raybite la utilizamos para construir el futuro, un proyecto a la vez. Nuestra Tecnologia En Raybite contamos con herramientas y software de \u00faltima generaci\u00f3n que simplifican cada tarea y nos permiten dise\u00f1ar, proyectar y diagramar los proyectos con precisi\u00f3n y eficiencia. Como pioneros en la utilizaci\u00f3n de [...]","protected":false},"author":1,"featured_media":0,"parent":0,"menu_order":0,"comment_status":"closed","ping_status":"closed","template":"","meta":{"footnotes":""},"class_list":["post-340","page","type-page","status-publish","hentry"],"yoast_head":"<!-- This site is optimized with the Yoast SEO plugin v25.3.1 - https:\/\/yoast.com\/wordpress\/plugins\/seo\/ -->\n<title>TECNOLOGIA - Raybite Ingenieria<\/title>\n<meta name=\"description\" content=\"Raybite aplica tecnolog\u00eda de escaneo 3D y software de ingenier\u00eda avanzada para garantizar precisi\u00f3n, eficiencia y calidad en cada proyecto industrial.\" \/>\n<meta name=\"robots\" content=\"index, follow, max-snippet:-1, max-image-preview:large, max-video-preview:-1\" \/>\n<link rel=\"canonical\" href=\"https:\/\/www.raybite.com\/en\/tecnologia\/\" \/>\n<meta property=\"og:locale\" content=\"en_US\" \/>\n<meta property=\"og:type\" content=\"article\" \/>\n<meta property=\"og:title\" content=\"TECNOLOGIA - Raybite Ingenieria\" \/>\n<meta property=\"og:description\" content=\"Raybite aplica tecnolog\u00eda de escaneo 3D y software de ingenier\u00eda avanzada para garantizar precisi\u00f3n, eficiencia y calidad en cada proyecto industrial.\" \/>\n<meta property=\"og:url\" content=\"https:\/\/www.raybite.com\/en\/tecnologia\/\" \/>\n<meta property=\"og:site_name\" content=\"Raybite Ingenieria\" \/>\n<meta property=\"article:modified_time\" content=\"2025-06-30T11:57:31+00:00\" \/>\n<meta property=\"og:image\" content=\"https:\/\/www.raybite.com\/wp-content\/uploads\/2024\/11\/downloadble-300x300.png\" \/>\n<meta name=\"twitter:card\" content=\"summary_large_image\" \/>\n<meta name=\"twitter:label1\" content=\"Est. reading time\" \/>\n\t<meta name=\"twitter:data1\" content=\"3 minutes\" \/>\n<script type=\"application\/ld+json\" class=\"yoast-schema-graph\">{\"@context\":\"https:\/\/schema.org\",\"@graph\":[{\"@type\":\"WebPage\",\"@id\":\"https:\/\/www.raybite.com\/tecnologia\/\",\"url\":\"https:\/\/www.raybite.com\/tecnologia\/\",\"name\":\"TECNOLOGIA - Raybite Ingenieria\",\"isPartOf\":{\"@id\":\"https:\/\/www.raybite.com\/#website\"},\"primaryImageOfPage\":{\"@id\":\"https:\/\/www.raybite.com\/tecnologia\/#primaryimage\"},\"image\":{\"@id\":\"https:\/\/www.raybite.com\/tecnologia\/#primaryimage\"},\"thumbnailUrl\":\"https:\/\/www.raybite.com\/wp-content\/uploads\/2024\/11\/downloadble-300x300.png\",\"datePublished\":\"2015-03-10T02:45:33+00:00\",\"dateModified\":\"2025-06-30T11:57:31+00:00\",\"description\":\"Raybite aplica tecnolog\u00eda de escaneo 3D y software de ingenier\u00eda avanzada para garantizar precisi\u00f3n, eficiencia y calidad en cada proyecto industrial.\",\"breadcrumb\":{\"@id\":\"https:\/\/www.raybite.com\/tecnologia\/#breadcrumb\"},\"inLanguage\":\"en-US\",\"potentialAction\":[{\"@type\":\"ReadAction\",\"target\":[\"https:\/\/www.raybite.com\/tecnologia\/\"]}]},{\"@type\":\"ImageObject\",\"inLanguage\":\"en-US\",\"@id\":\"https:\/\/www.raybite.com\/tecnologia\/#primaryimage\",\"url\":\"https:\/\/www.raybite.com\/wp-content\/uploads\/2024\/11\/downloadble-300x300.png\",\"contentUrl\":\"https:\/\/www.raybite.com\/wp-content\/uploads\/2024\/11\/downloadble-300x300.png\"},{\"@type\":\"BreadcrumbList\",\"@id\":\"https:\/\/www.raybite.com\/tecnologia\/#breadcrumb\",\"itemListElement\":[{\"@type\":\"ListItem\",\"position\":1,\"name\":\"Home\",\"item\":\"https:\/\/www.raybite.com\/en\/\"},{\"@type\":\"ListItem\",\"position\":2,\"name\":\"TECNOLOGIA\"}]},{\"@type\":\"WebSite\",\"@id\":\"https:\/\/www.raybite.com\/#website\",\"url\":\"https:\/\/www.raybite.com\/\",\"name\":\"Raybite Ingenieria\",\"description\":\"Liderando con innovaci\u00f3n y experiencia\",\"potentialAction\":[{\"@type\":\"SearchAction\",\"target\":{\"@type\":\"EntryPoint\",\"urlTemplate\":\"https:\/\/www.raybite.com\/?s={search_term_string}\"},\"query-input\":{\"@type\":\"PropertyValueSpecification\",\"valueRequired\":true,\"valueName\":\"search_term_string\"}}],\"inLanguage\":\"en-US\"}]}<\/script>\n<!-- \/ Yoast SEO plugin. -->","yoast_head_json":{"title":"TECNOLOGIA - Raybite Ingenieria","description":"Raybite aplica tecnolog\u00eda de escaneo 3D y software de ingenier\u00eda avanzada para garantizar precisi\u00f3n, eficiencia y calidad en cada proyecto industrial.","robots":{"index":"index","follow":"follow","max-snippet":"max-snippet:-1","max-image-preview":"max-image-preview:large","max-video-preview":"max-video-preview:-1"},"canonical":"https:\/\/www.raybite.com\/en\/tecnologia\/","og_locale":"en_US","og_type":"article","og_title":"TECNOLOGIA - Raybite Ingenieria","og_description":"Raybite aplica tecnolog\u00eda de escaneo 3D y software de ingenier\u00eda avanzada para garantizar precisi\u00f3n, eficiencia y calidad en cada proyecto industrial.","og_url":"https:\/\/www.raybite.com\/en\/tecnologia\/","og_site_name":"Raybite Ingenieria","article_modified_time":"2025-06-30T11:57:31+00:00","og_image":[{"url":"https:\/\/www.raybite.com\/wp-content\/uploads\/2024\/11\/downloadble-300x300.png","type":"","width":"","height":""}],"twitter_card":"summary_large_image","twitter_misc":{"Est. reading time":"3 minutes"},"schema":{"@context":"https:\/\/schema.org","@graph":[{"@type":"WebPage","@id":"https:\/\/www.raybite.com\/tecnologia\/","url":"https:\/\/www.raybite.com\/tecnologia\/","name":"TECNOLOGIA - Raybite Ingenieria","isPartOf":{"@id":"https:\/\/www.raybite.com\/#website"},"primaryImageOfPage":{"@id":"https:\/\/www.raybite.com\/tecnologia\/#primaryimage"},"image":{"@id":"https:\/\/www.raybite.com\/tecnologia\/#primaryimage"},"thumbnailUrl":"https:\/\/www.raybite.com\/wp-content\/uploads\/2024\/11\/downloadble-300x300.png","datePublished":"2015-03-10T02:45:33+00:00","dateModified":"2025-06-30T11:57:31+00:00","description":"Raybite aplica tecnolog\u00eda de escaneo 3D y software de ingenier\u00eda avanzada para garantizar precisi\u00f3n, eficiencia y calidad en cada proyecto industrial.","breadcrumb":{"@id":"https:\/\/www.raybite.com\/tecnologia\/#breadcrumb"},"inLanguage":"en-US","potentialAction":[{"@type":"ReadAction","target":["https:\/\/www.raybite.com\/tecnologia\/"]}]},{"@type":"ImageObject","inLanguage":"en-US","@id":"https:\/\/www.raybite.com\/tecnologia\/#primaryimage","url":"https:\/\/www.raybite.com\/wp-content\/uploads\/2024\/11\/downloadble-300x300.png","contentUrl":"https:\/\/www.raybite.com\/wp-content\/uploads\/2024\/11\/downloadble-300x300.png"},{"@type":"BreadcrumbList","@id":"https:\/\/www.raybite.com\/tecnologia\/#breadcrumb","itemListElement":[{"@type":"ListItem","position":1,"name":"Home","item":"https:\/\/www.raybite.com\/en\/"},{"@type":"ListItem","position":2,"name":"TECNOLOGIA"}]},{"@type":"WebSite","@id":"https:\/\/www.raybite.com\/#website","url":"https:\/\/www.raybite.com\/","name":"Raybite Ingenieria","description":"Liderando con innovaci\u00f3n y experiencia","potentialAction":[{"@type":"SearchAction","target":{"@type":"EntryPoint","urlTemplate":"https:\/\/www.raybite.com\/?s={search_term_string}"},"query-input":{"@type":"PropertyValueSpecification","valueRequired":true,"valueName":"search_term_string"}}],"inLanguage":"en-US"}]}},"_links":{"self":[{"href":"https:\/\/www.raybite.com\/en\/wp-json\/wp\/v2\/pages\/340","targetHints":{"allow":["GET"]}}],"collection":[{"href":"https:\/\/www.raybite.com\/en\/wp-json\/wp\/v2\/pages"}],"about":[{"href":"https:\/\/www.raybite.com\/en\/wp-json\/wp\/v2\/types\/page"}],"author":[{"embeddable":true,"href":"https:\/\/www.raybite.com\/en\/wp-json\/wp\/v2\/users\/1"}],"replies":[{"embeddable":true,"href":"https:\/\/www.raybite.com\/en\/wp-json\/wp\/v2\/comments?post=340"}],"version-history":[{"count":14,"href":"https:\/\/www.raybite.com\/en\/wp-json\/wp\/v2\/pages\/340\/revisions"}],"predecessor-version":[{"id":75958,"href":"https:\/\/www.raybite.com\/en\/wp-json\/wp\/v2\/pages\/340\/revisions\/75958"}],"wp:attachment":[{"href":"https:\/\/www.raybite.com\/en\/wp-json\/wp\/v2\/media?parent=340"}],"curies":[{"name":"wp","href":"https:\/\/api.w.org\/{rel}","templated":true}]}}